{"id":341,"date":"2025-10-30T07:38:42","date_gmt":"2025-10-30T07:38:42","guid":{"rendered":"https:\/\/mar-mar.hr\/notizbuecher\/"},"modified":"2026-04-27T09:51:17","modified_gmt":"2026-04-27T09:51:17","slug":"notizbuecher","status":"publish","type":"page","link":"https:\/\/mar-mar.hr\/de\/notizbuecher\/","title":{"rendered":"Notizb\u00fccher"},"content":{"rendered":"<section class=\"l-section wpb_row us_custom_7be30d4d height_medium\"><div class=\"l-section-h i-cf\"><div class=\"g-cols vc_row via_grid cols_1 laptops-cols_inherit tablets-cols_inherit mobiles-cols_1 valign_top type_default stacking_default\"><div class=\"wpb_column vc_column_container\"><div class=\"vc_column-inner\"><h1 class=\"w-text us_custom_ce938311 has_text_color icon_atleft\"><span class=\"w-text-h\"><i class=\"fas fa-book-open\"><\/i><span class=\"w-text-value\">| NOTIZB\u00dcCHER<\/span><\/span><\/h1><h2 class=\"w-text us_custom_64f83f66 has_text_color\"><span class=\"w-text-h\"><span class=\"w-text-value\">Produktionsm\u00f6glichkeiten<\/span><\/span><\/h2><div class=\"wpb_text_column us_custom_35646bbd has_text_color\"><div class=\"wpb_wrapper\"><p>Unser vielf\u00e4ltiges Angebot von Notizb\u00fcchern erf\u00fcllt verschiedene Kundenbed\u00fcrfnisse. Alle unsere Notizb\u00fccher zeichnen sich durch hohe Qualit\u00e4t und hervorragendes Design aus. Sie sind als gehefteter weicher Einband, Festeinband mit gen\u00e4hter Bindung oder Spiralbindung erh\u00e4ltlich. Dar\u00fcber hinaus k\u00f6nnen Sie zwischen verschiedenen Druckeffekten und Formaten, verschiedenem Einband- und Papiergewicht sowie verschiedenen Laminierungsarten (matt, gl\u00e4nzend) w\u00e4hlen.   <\/p>\n<p>Finden Sie das perfekte Notizbuch f\u00fcr sich, und heben Sie sich von der Masse ab mit MAR-MAR!<\/p>\n<\/div><\/div><\/div><\/div><\/div><\/div><\/section><section class=\"l-section wpb_row us_custom_7be30d4d height_medium\"><div class=\"l-section-h i-cf\"><div class=\"g-cols vc_row via_grid cols_4 laptops-cols_inherit tablets-cols_2 mobiles-cols_1 valign_top type_default stacking_default\"><div class=\"wpb_column vc_column_container us_custom_b63d2eb1\"><div class=\"vc_column-inner\"><div class=\"w-image us_custom_e6b3e149 m-auto has_height align_center\"><div class=\"w-image-h\"><img decoding=\"async\" width=\"216\" height=\"235\" src=\"https:\/\/mar-mar.hr\/wp-content\/uploads\/2025\/10\/tvrdi-uvez-216x235-1.png\" class=\"attachment-full size-full\" alt=\"\" loading=\"lazy\" \/><\/div><\/div><div class=\"wpb_text_column us_custom_8bbf4ab2 has_text_color\"><div class=\"wpb_wrapper\"><h3>Hardcover<\/h3>\n<\/div><\/div><div class=\"wpb_text_column us_custom_6216c489 has_text_color\"><div class=\"wpb_wrapper\"><p>FESTEINBAND MIT GEN\u00c4HTER BINDUNG<\/p>\n<\/div><\/div><\/div><\/div><div class=\"wpb_column vc_column_container us_custom_b63d2eb1\"><div class=\"vc_column-inner\"><div class=\"w-image us_custom_e6b3e149 m-auto has_height align_center\"><div class=\"w-image-h\"><img decoding=\"async\" width=\"197\" height=\"235\" src=\"https:\/\/mar-mar.hr\/wp-content\/uploads\/2025\/10\/meki-uvez-197x235-1.png\" class=\"attachment-full size-full\" alt=\"\" loading=\"lazy\" \/><\/div><\/div><div class=\"wpb_text_column us_custom_8bbf4ab2 has_text_color\"><div class=\"wpb_wrapper\"><h3>Softcover<\/h3>\n<\/div><\/div><div class=\"wpb_text_column us_custom_6216c489 has_text_color\"><div class=\"wpb_wrapper\"><p>GEHEFTETER WEICHER EINBAND<\/p>\n<\/div><\/div><div class=\"w-separator size_medium\"><\/div><div class=\"w-btn-wrapper align_center\"><a class=\"w-btn us-btn-style_1\" href=\"https:\/\/mar-mar.hr\/wp-content\/uploads\/2026\/01\/KATALOG-2026-spread_compressed.pdf\"><span class=\"w-btn-label\">Katalog herunterladen<\/span><\/a><\/div><\/div><\/div><div class=\"wpb_column vc_column_container us_custom_b63d2eb1\"><div class=\"vc_column-inner\"><div class=\"w-image us_custom_e6b3e149 m-auto has_height align_center\"><div class=\"w-image-h\"><img decoding=\"async\" width=\"200\" height=\"235\" src=\"https:\/\/mar-mar.hr\/wp-content\/uploads\/2025\/10\/spiralni-uvez-200x235-1.png\" class=\"attachment-full size-full\" alt=\"\" loading=\"lazy\" \/><\/div><\/div><div class=\"wpb_text_column us_custom_8bbf4ab2 has_text_color\"><div class=\"wpb_wrapper\"><h3>Spiral<\/h3>\n<\/div><\/div><div class=\"wpb_text_column us_custom_6216c489 has_text_color\"><div class=\"wpb_wrapper\"><p>Spiralbindung<\/p>\n<\/div><\/div><div class=\"w-separator size_medium\"><\/div><div class=\"w-btn-wrapper align_center\"><a class=\"w-btn us-btn-style_1\" href=\"https:\/\/mar-mar.hr\/wp-content\/uploads\/2026\/01\/2025_bag_brochure_digital_compressed.pdf\"><span class=\"w-btn-label\">Brosch\u00fcre herunterladen<\/span><\/a><\/div><\/div><\/div><div class=\"wpb_column vc_column_container us_custom_b63d2eb1\"><div class=\"vc_column-inner\"><div class=\"w-image us_custom_e6b3e149 m-auto has_height align_center\"><div class=\"w-image-h\"><img decoding=\"async\" width=\"210\" height=\"235\" src=\"https:\/\/mar-mar.hr\/wp-content\/uploads\/2025\/10\/planer-235x235-2-e1761812763324.png\" class=\"attachment-full size-full\" alt=\"\" loading=\"lazy\" \/><\/div><\/div><div class=\"wpb_text_column us_custom_8bbf4ab2 has_text_color\"><div class=\"wpb_wrapper\"><h3>Planer<\/h3>\n<\/div><\/div><div class=\"wpb_text_column us_custom_6216c489 has_text_color\"><div class=\"wpb_wrapper\"><p>ERSTELLUNG VON PLANERN<\/p>\n<\/div><\/div><\/div><\/div><\/div><\/div><\/section><section class=\"l-section wpb_row height_auto width_full\"><div class=\"l-section-h i-cf\"><div class=\"g-cols vc_row via_grid cols_1 laptops-cols_inherit tablets-cols_inherit mobiles-cols_1 valign_top type_default stacking_default\"><div class=\"wpb_column vc_column_container\"><div class=\"vc_column-inner\"><div class=\"w-gallery fit_cover type_grid ratio_1x1 count_4\" style=\"--columns:4;--items-gap:0px;\"><div class=\"w-gallery-list\"><div class=\"w-gallery-item\"><div class=\"w-gallery-item-img\"><img loading=\"lazy\" decoding=\"async\" width=\"997\" height=\"1024\" src=\"https:\/\/mar-mar.hr\/wp-content\/uploads\/2025\/10\/Asset-1@2x-80-2-997x1024.jpg\" class=\"attachment-large size-large\" alt=\"\" srcset=\"https:\/\/mar-mar.hr\/wp-content\/uploads\/2025\/10\/Asset-1@2x-80-2-997x1024.jpg 997w, https:\/\/mar-mar.hr\/wp-content\/uploads\/2025\/10\/Asset-1@2x-80-2-292x300.jpg 292w, https:\/\/mar-mar.hr\/wp-content\/uploads\/2025\/10\/Asset-1@2x-80-2.jpg 1444w\" sizes=\"auto, (max-width: 997px) 100vw, 997px\" \/><\/div><\/div><div class=\"w-gallery-item\"><div class=\"w-gallery-item-img\"><img loading=\"lazy\" decoding=\"async\" width=\"997\" height=\"1024\" src=\"https:\/\/mar-mar.hr\/wp-content\/uploads\/2025\/10\/Asset-2@2x-80-2-997x1024.jpg\" class=\"attachment-large size-large\" alt=\"\" srcset=\"https:\/\/mar-mar.hr\/wp-content\/uploads\/2025\/10\/Asset-2@2x-80-2-997x1024.jpg 997w, https:\/\/mar-mar.hr\/wp-content\/uploads\/2025\/10\/Asset-2@2x-80-2-292x300.jpg 292w, https:\/\/mar-mar.hr\/wp-content\/uploads\/2025\/10\/Asset-2@2x-80-2.jpg 1444w\" sizes=\"auto, (max-width: 997px) 100vw, 997px\" \/><\/div><\/div><div class=\"w-gallery-item\"><div class=\"w-gallery-item-img\"><img loading=\"lazy\" decoding=\"async\" width=\"997\" height=\"1024\" src=\"https:\/\/mar-mar.hr\/wp-content\/uploads\/2025\/10\/Asset-3@2x-80-2-997x1024.jpg\" class=\"attachment-large size-large\" alt=\"\" srcset=\"https:\/\/mar-mar.hr\/wp-content\/uploads\/2025\/10\/Asset-3@2x-80-2-997x1024.jpg 997w, https:\/\/mar-mar.hr\/wp-content\/uploads\/2025\/10\/Asset-3@2x-80-2-292x300.jpg 292w, https:\/\/mar-mar.hr\/wp-content\/uploads\/2025\/10\/Asset-3@2x-80-2.jpg 1444w\" sizes=\"auto, (max-width: 997px) 100vw, 997px\" \/><\/div><\/div><div class=\"w-gallery-item\"><div class=\"w-gallery-item-img\"><img loading=\"lazy\" decoding=\"async\" width=\"650\" height=\"668\" src=\"https:\/\/mar-mar.hr\/wp-content\/uploads\/2025\/10\/Asset-3-100-1-650x668-2.jpg\" class=\"attachment-large size-large\" alt=\"\" srcset=\"https:\/\/mar-mar.hr\/wp-content\/uploads\/2025\/10\/Asset-3-100-1-650x668-2.jpg 650w, https:\/\/mar-mar.hr\/wp-content\/uploads\/2025\/10\/Asset-3-100-1-650x668-2-292x300.jpg 292w\" sizes=\"auto, (max-width: 650px) 100vw, 650px\" \/><\/div><\/div><\/div><\/div><\/div><\/div><\/div><\/div><\/section><section class=\"l-section wpb_row us_custom_3fbfe1f3 height_medium\"><div class=\"l-section-h i-cf\"><div class=\"g-cols vc_row via_grid cols_1 laptops-cols_inherit tablets-cols_inherit mobiles-cols_1 valign_top type_default stacking_default\"><div class=\"wpb_column vc_column_container\"><div class=\"vc_column-inner\"><div class=\"w-image align_none\"><div class=\"w-image-h\"><img decoding=\"async\" src=\"https:\/\/mar-mar.hr\/wp-content\/uploads\/2025\/10\/Asset-37.svg\" class=\"attachment-full size-full\" alt=\"\" loading=\"lazy\" \/><\/div><\/div><\/div><\/div><\/div><\/div><\/section><section class=\"l-section wpb_row us_custom_66a80a8b height_auto width_full\"><div class=\"l-section-h i-cf\"><div class=\"g-cols vc_row via_grid cols_1 laptops-cols_inherit tablets-cols_inherit mobiles-cols_1 valign_top type_default stacking_default\"><div class=\"wpb_column vc_column_container\"><div class=\"vc_column-inner\"><\/div><\/div><\/div><\/div><\/section><section class=\"l-section wpb_row us_custom_17293224 height_medium\"><div class=\"l-section-h i-cf\"><div class=\"g-cols vc_row via_grid cols_1 laptops-cols_inherit tablets-cols_inherit mobiles-cols_1 valign_top type_default stacking_default\"><div class=\"wpb_column vc_column_container\"><div class=\"vc_column-inner\"><div class=\"wpb_text_column us_custom_7b2083e7 has_text_color\"><div class=\"wpb_wrapper\"><p>ERSTELLEN SIE IHRE EIGENE MARKE VON NOTIZB\u00dcCHERN<\/p>\n<\/div><\/div><div class=\"wpb_text_column us_custom_0bff82b2 has_text_color\"><div class=\"wpb_wrapper\"><div class=\"vc_row wpb_row vc_row-fluid vc_custom_1690930073648 vc_row-has-fill\" data-vc-full-width=\"true\" data-vc-full-width-init=\"true\">\n<div class=\"wpb_column vc_column_container vc_col-sm-12\">\n<div class=\"vc_column-inner\">\n<div class=\"wpb_wrapper\">\n<div class=\"wpb_text_column wpb_content_element \">\n<div class=\"wpb_wrapper\">\n<p>Wir bieten unseren Kunden die M\u00f6glichkeit, ihre eigene Marke von Notizb\u00fcchern zu erstellen:<\/p>\n<\/div>\n<\/div>\n<\/div>\n<\/div>\n<\/div>\n<\/div>\n<\/div><\/div><div class=\"g-cols wpb_row via_grid cols_3 laptops-cols_inherit tablets-cols_inherit mobiles-cols_1 valign_top type_default stacking_default\" style=\"--columns-gap:3rem;\"><div class=\"wpb_column vc_column_container us_custom_99b00430 m-auto_xs has_bg_color\"><div class=\"vc_column-inner\"><h4 class=\"w-text us_custom_1e3ea3f2 has_text_color\"><span class=\"w-text-h\"><span class=\"w-text-value\">DER KUNDE KANN SEIN EIGENES DESIGN LIEFERN, UND WIR \u00dcBERNEHMEN DIE DRUCKVORBEREITUNG<\/span><\/span><\/h4><\/div><\/div><div class=\"wpb_column vc_column_container us_custom_b464369c m-auto_xs has_bg_color\"><div class=\"vc_column-inner\"><h4 class=\"w-text us_custom_eec6eebe has_text_color\"><span class=\"w-text-h\"><span class=\"w-text-value\">DER KUNDE KANN AUS UNSERER DESIGN-DATENBANK W\u00c4HLEN.<\/span><\/span><\/h4><\/div><\/div><div class=\"wpb_column vc_column_container us_custom_b464369c m-auto_xs has_bg_color\"><div class=\"vc_column-inner\"><h4 class=\"w-text us_custom_33ab84a0 has_text_color\"><span class=\"w-text-h\"><span class=\"w-text-value\">F\u00dcR DEN KUNDEN BIETEN WIR DIE M\u00d6GLICHKEIT, ERWEITERUNGEN F\u00dcR DIE LIPA MILL KOLLEKTION DURCHZUF\u00dcHREN.<\/span><\/span><\/h4><\/div><\/div><\/div><\/div><\/div><\/div><\/div><\/section>\n","protected":false},"excerpt":{"rendered":"","protected":false},"author":1,"featured_media":0,"parent":0,"menu_order":0,"comment_status":"closed","ping_status":"closed","template":"","meta":{"footnotes":""},"class_list":["post-341","page","type-page","status-publish","hentry"],"yoast_head":"<!-- This site is optimized with the Yoast SEO plugin v26.4 - https:\/\/yoast.com\/wordpress\/plugins\/seo\/ -->\n<title>Notizb\u00fccher - MAR-MAR d.o.o.<\/title>\n<meta name=\"description\" content=\"Unser vielf\u00e4ltiges Angebot von Notizb\u00fcchern erf\u00fcllt verschiedene Kundenbed\u00fcrfnisse\" \/>\n<meta name=\"robots\" content=\"index, follow, max-snippet:-1, max-image-preview:large, max-video-preview:-1\" \/>\n<link rel=\"canonical\" href=\"https:\/\/mar-mar.hr\/de\/notizbuecher\/\" \/>\n<meta property=\"og:locale\" content=\"de_DE\" \/>\n<meta property=\"og:type\" content=\"article\" \/>\n<meta property=\"og:title\" content=\"Notizb\u00fccher - MAR-MAR d.o.o.\" \/>\n<meta property=\"og:description\" content=\"Unser vielf\u00e4ltiges Angebot von Notizb\u00fcchern erf\u00fcllt verschiedene Kundenbed\u00fcrfnisse\" \/>\n<meta property=\"og:url\" content=\"https:\/\/mar-mar.hr\/de\/notizbuecher\/\" \/>\n<meta property=\"og:site_name\" content=\"MAR-MAR d.o.o.\" \/>\n<meta property=\"article:publisher\" content=\"https:\/\/www.facebook.com\/LipaMillZagreb\" \/>\n<meta property=\"article:modified_time\" content=\"2026-04-27T09:51:17+00:00\" \/>\n<meta name=\"twitter:card\" content=\"summary_large_image\" \/>\n<meta name=\"twitter:label1\" content=\"Gesch\u00e4tzte Lesezeit\" \/>\n\t<meta name=\"twitter:data1\" content=\"10\u00a0Minuten\" \/>\n<script type=\"application\/ld+json\" class=\"yoast-schema-graph\">{\"@context\":\"https:\/\/schema.org\",\"@graph\":[{\"@type\":\"WebPage\",\"@id\":\"https:\/\/mar-mar.hr\/de\/notizbuecher\/\",\"url\":\"https:\/\/mar-mar.hr\/de\/notizbuecher\/\",\"name\":\"Notizb\u00fccher - MAR-MAR d.o.o.\",\"isPartOf\":{\"@id\":\"https:\/\/mar-mar.hr\/de\/#website\"},\"datePublished\":\"2025-10-30T07:38:42+00:00\",\"dateModified\":\"2026-04-27T09:51:17+00:00\",\"description\":\"Unser vielf\u00e4ltiges Angebot von Notizb\u00fcchern erf\u00fcllt verschiedene Kundenbed\u00fcrfnisse\",\"breadcrumb\":{\"@id\":\"https:\/\/mar-mar.hr\/de\/notizbuecher\/#breadcrumb\"},\"inLanguage\":\"de\",\"potentialAction\":[{\"@type\":\"ReadAction\",\"target\":[\"https:\/\/mar-mar.hr\/de\/notizbuecher\/\"]}]},{\"@type\":\"BreadcrumbList\",\"@id\":\"https:\/\/mar-mar.hr\/de\/notizbuecher\/#breadcrumb\",\"itemListElement\":[{\"@type\":\"ListItem\",\"position\":1,\"name\":\"Home\",\"item\":\"https:\/\/mar-mar.hr\/de\/home\/\"},{\"@type\":\"ListItem\",\"position\":2,\"name\":\"Notizb\u00fccher\"}]},{\"@type\":\"WebSite\",\"@id\":\"https:\/\/mar-mar.hr\/de\/#website\",\"url\":\"https:\/\/mar-mar.hr\/de\/\",\"name\":\"MAR-MAR d.o.o.\",\"description\":\"Proizvodnja bilje\u017enica\",\"publisher\":{\"@id\":\"https:\/\/mar-mar.hr\/de\/#organization\"},\"potentialAction\":[{\"@type\":\"SearchAction\",\"target\":{\"@type\":\"EntryPoint\",\"urlTemplate\":\"https:\/\/mar-mar.hr\/de\/?s={search_term_string}\"},\"query-input\":{\"@type\":\"PropertyValueSpecification\",\"valueRequired\":true,\"valueName\":\"search_term_string\"}}],\"inLanguage\":\"de\"},{\"@type\":\"Organization\",\"@id\":\"https:\/\/mar-mar.hr\/de\/#organization\",\"name\":\"MAR-MAR d.o.o.\",\"url\":\"https:\/\/mar-mar.hr\/de\/\",\"logo\":{\"@type\":\"ImageObject\",\"inLanguage\":\"de\",\"@id\":\"https:\/\/mar-mar.hr\/de\/#\/schema\/logo\/image\/\",\"url\":\"https:\/\/mar-mar.hr\/wp-content\/uploads\/2025\/10\/mar-mar_logo.png\",\"contentUrl\":\"https:\/\/mar-mar.hr\/wp-content\/uploads\/2025\/10\/mar-mar_logo.png\",\"width\":232,\"height\":130,\"caption\":\"MAR-MAR d.o.o.\"},\"image\":{\"@id\":\"https:\/\/mar-mar.hr\/de\/#\/schema\/logo\/image\/\"},\"sameAs\":[\"https:\/\/www.facebook.com\/LipaMillZagreb\",\"https:\/\/www.youtube.com\/channel\/UCIc4SEGAQ8H4pEAuG04nTRg\",\"https:\/\/www.instagram.com\/lipa_mill\/\",\"https:\/\/www.linkedin.com\/company\/mar-mar-d.o.o.\",\"https:\/\/www.tiktok.com\/@lipa.mill?lang=en\",\"https:\/\/www.pinterest.com\/lipa_mill\/_created\/\"]}]}<\/script>\n<!-- \/ Yoast SEO plugin. -->","yoast_head_json":{"title":"Notizb\u00fccher - MAR-MAR d.o.o.","description":"Unser vielf\u00e4ltiges Angebot von Notizb\u00fcchern erf\u00fcllt verschiedene Kundenbed\u00fcrfnisse","robots":{"index":"index","follow":"follow","max-snippet":"max-snippet:-1","max-image-preview":"max-image-preview:large","max-video-preview":"max-video-preview:-1"},"canonical":"https:\/\/mar-mar.hr\/de\/notizbuecher\/","og_locale":"de_DE","og_type":"article","og_title":"Notizb\u00fccher - MAR-MAR d.o.o.","og_description":"Unser vielf\u00e4ltiges Angebot von Notizb\u00fcchern erf\u00fcllt verschiedene Kundenbed\u00fcrfnisse","og_url":"https:\/\/mar-mar.hr\/de\/notizbuecher\/","og_site_name":"MAR-MAR d.o.o.","article_publisher":"https:\/\/www.facebook.com\/LipaMillZagreb","article_modified_time":"2026-04-27T09:51:17+00:00","twitter_card":"summary_large_image","twitter_misc":{"Gesch\u00e4tzte Lesezeit":"10\u00a0Minuten"},"schema":{"@context":"https:\/\/schema.org","@graph":[{"@type":"WebPage","@id":"https:\/\/mar-mar.hr\/de\/notizbuecher\/","url":"https:\/\/mar-mar.hr\/de\/notizbuecher\/","name":"Notizb\u00fccher - MAR-MAR d.o.o.","isPartOf":{"@id":"https:\/\/mar-mar.hr\/de\/#website"},"datePublished":"2025-10-30T07:38:42+00:00","dateModified":"2026-04-27T09:51:17+00:00","description":"Unser vielf\u00e4ltiges Angebot von Notizb\u00fcchern erf\u00fcllt verschiedene Kundenbed\u00fcrfnisse","breadcrumb":{"@id":"https:\/\/mar-mar.hr\/de\/notizbuecher\/#breadcrumb"},"inLanguage":"de","potentialAction":[{"@type":"ReadAction","target":["https:\/\/mar-mar.hr\/de\/notizbuecher\/"]}]},{"@type":"BreadcrumbList","@id":"https:\/\/mar-mar.hr\/de\/notizbuecher\/#breadcrumb","itemListElement":[{"@type":"ListItem","position":1,"name":"Home","item":"https:\/\/mar-mar.hr\/de\/home\/"},{"@type":"ListItem","position":2,"name":"Notizb\u00fccher"}]},{"@type":"WebSite","@id":"https:\/\/mar-mar.hr\/de\/#website","url":"https:\/\/mar-mar.hr\/de\/","name":"MAR-MAR d.o.o.","description":"Proizvodnja bilje\u017enica","publisher":{"@id":"https:\/\/mar-mar.hr\/de\/#organization"},"potentialAction":[{"@type":"SearchAction","target":{"@type":"EntryPoint","urlTemplate":"https:\/\/mar-mar.hr\/de\/?s={search_term_string}"},"query-input":{"@type":"PropertyValueSpecification","valueRequired":true,"valueName":"search_term_string"}}],"inLanguage":"de"},{"@type":"Organization","@id":"https:\/\/mar-mar.hr\/de\/#organization","name":"MAR-MAR d.o.o.","url":"https:\/\/mar-mar.hr\/de\/","logo":{"@type":"ImageObject","inLanguage":"de","@id":"https:\/\/mar-mar.hr\/de\/#\/schema\/logo\/image\/","url":"https:\/\/mar-mar.hr\/wp-content\/uploads\/2025\/10\/mar-mar_logo.png","contentUrl":"https:\/\/mar-mar.hr\/wp-content\/uploads\/2025\/10\/mar-mar_logo.png","width":232,"height":130,"caption":"MAR-MAR d.o.o."},"image":{"@id":"https:\/\/mar-mar.hr\/de\/#\/schema\/logo\/image\/"},"sameAs":["https:\/\/www.facebook.com\/LipaMillZagreb","https:\/\/www.youtube.com\/channel\/UCIc4SEGAQ8H4pEAuG04nTRg","https:\/\/www.instagram.com\/lipa_mill\/","https:\/\/www.linkedin.com\/company\/mar-mar-d.o.o.","https:\/\/www.tiktok.com\/@lipa.mill?lang=en","https:\/\/www.pinterest.com\/lipa_mill\/_created\/"]}]}},"_links":{"self":[{"href":"https:\/\/mar-mar.hr\/de\/wp-json\/wp\/v2\/pages\/341","targetHints":{"allow":["GET"]}}],"collection":[{"href":"https:\/\/mar-mar.hr\/de\/wp-json\/wp\/v2\/pages"}],"about":[{"href":"https:\/\/mar-mar.hr\/de\/wp-json\/wp\/v2\/types\/page"}],"author":[{"embeddable":true,"href":"https:\/\/mar-mar.hr\/de\/wp-json\/wp\/v2\/users\/1"}],"replies":[{"embeddable":true,"href":"https:\/\/mar-mar.hr\/de\/wp-json\/wp\/v2\/comments?post=341"}],"version-history":[{"count":14,"href":"https:\/\/mar-mar.hr\/de\/wp-json\/wp\/v2\/pages\/341\/revisions"}],"predecessor-version":[{"id":811,"href":"https:\/\/mar-mar.hr\/de\/wp-json\/wp\/v2\/pages\/341\/revisions\/811"}],"wp:attachment":[{"href":"https:\/\/mar-mar.hr\/de\/wp-json\/wp\/v2\/media?parent=341"}],"curies":[{"name":"wp","href":"https:\/\/api.w.org\/{rel}","templated":true}]}}