{"id":361,"date":"2025-10-30T10:14:37","date_gmt":"2025-10-30T10:14:37","guid":{"rendered":"https:\/\/mar-mar.hr\/massanfertigung\/"},"modified":"2026-01-26T13:58:17","modified_gmt":"2026-01-26T13:58:17","slug":"massanfertigung","status":"publish","type":"page","link":"https:\/\/mar-mar.hr\/de\/massanfertigung\/","title":{"rendered":"Ma\u00dfanfertigung"},"content":{"rendered":"<section class=\"l-section wpb_row us_custom_7be30d4d height_medium\"><div class=\"l-section-h i-cf\"><div class=\"g-cols vc_row via_grid cols_1 laptops-cols_inherit tablets-cols_inherit mobiles-cols_1 valign_top type_default stacking_default\"><div class=\"wpb_column vc_column_container\"><div class=\"vc_column-inner\"><h1 class=\"w-text us_custom_ce938311 has_text_color icon_atleft\"><span class=\"w-text-h\"><i class=\"fas fa-book-open\"><\/i><span class=\"w-text-value\">| MASS ANGEFERTIGT<\/span><\/span><\/h1><h2 class=\"w-text us_custom_64f83f66 has_text_color\"><span class=\"w-text-h\"><span class=\"w-text-value\">Produktionsm\u00f6glichkeiten<\/span><\/span><\/h2><div class=\"wpb_text_column us_custom_35646bbd has_text_color\"><div class=\"wpb_wrapper\"><p>Die originellsten ma\u00dfgeschneiderten MAR-MAR-Produkte werden Ihnen helfen, sich von der Masse abzuheben. Wir haben f\u00fcr Sie ein breites Sortiment von Eigenmarkenprodukten vorbereitet, doch wir bieten auch die M\u00f6glichkeit der Erstellung von Produkten nach Ihrem Wunsch. Dank unserer umfangreichen Erfahrung und Fachkenntnisse, insbesondere im Bereich der Schulartikel und smarten Notizb\u00fccher, garantieren wir Ihnen einen herausragenden Service.  <\/p>\n<p>Mit uns wird \u201ema\u00dfgeschneidert\u201c zum Synonym f\u00fcr ein hochwertiges Markenprodukt.<\/p>\n<\/div><\/div><\/div><\/div><\/div><\/div><\/section><section class=\"l-section wpb_row us_custom_7be30d4d height_medium\"><div class=\"l-section-h i-cf\"><div class=\"g-cols vc_row via_grid cols_4 laptops-cols_inherit tablets-cols_2 mobiles-cols_1 valign_top type_default stacking_default\"><div class=\"wpb_column vc_column_container\"><div class=\"vc_column-inner\"><div class=\"w-image us_custom_cdc6cdc7 m-auto has_height align_center\"><div class=\"w-image-h\"><img decoding=\"async\" width=\"216\" height=\"235\" src=\"https:\/\/mar-mar.hr\/wp-content\/uploads\/2025\/10\/tvrdi-uvez-216x235-1.png\" class=\"attachment-full size-full\" alt=\"\" loading=\"lazy\" \/><\/div><\/div><div class=\"wpb_text_column us_custom_8bbf4ab2 has_text_color\"><div class=\"wpb_wrapper\"><h3>Hardcover<br \/>\n<\/h3>\n<\/div><\/div><div class=\"wpb_text_column us_custom_06228c73 has_text_color\"><div class=\"wpb_wrapper\"><p>FESTEINBAND MIT GEN\u00c4HTER BINDUNG<\/p>\n<\/div><\/div><\/div><\/div><div class=\"wpb_column vc_column_container\"><div class=\"vc_column-inner\"><div class=\"w-image us_custom_cdc6cdc7 m-auto has_height align_center\"><div class=\"w-image-h\"><img decoding=\"async\" width=\"197\" height=\"235\" src=\"https:\/\/mar-mar.hr\/wp-content\/uploads\/2025\/10\/meki-uvez-197x235-1.png\" class=\"attachment-full size-full\" alt=\"\" loading=\"lazy\" \/><\/div><\/div><div class=\"wpb_text_column us_custom_8bbf4ab2 has_text_color\"><div class=\"wpb_wrapper\"><h3>Softcover<\/h3>\n<\/div><\/div><div class=\"wpb_text_column us_custom_06228c73 has_text_color\"><div class=\"wpb_wrapper\"><p>GEHEFTETER WEICHER EINBAND<\/p>\n<\/div><\/div><div class=\"w-separator size_medium\"><\/div><div class=\"w-btn-wrapper align_center\"><a class=\"w-btn us-btn-style_1\" href=\"https:\/\/mar-mar.hr\/wp-content\/uploads\/2026\/01\/KATALOG-2026-spread_compressed.pdf\"><span class=\"w-btn-label\">Katalog herunterladen<\/span><\/a><\/div><\/div><\/div><div class=\"wpb_column vc_column_container\"><div class=\"vc_column-inner\"><div class=\"w-image us_custom_cdc6cdc7 m-auto has_height align_center\"><div class=\"w-image-h\"><img decoding=\"async\" width=\"200\" height=\"235\" src=\"https:\/\/mar-mar.hr\/wp-content\/uploads\/2025\/10\/spiralni-uvez-200x235-1.png\" class=\"attachment-full size-full\" alt=\"\" loading=\"lazy\" \/><\/div><\/div><div class=\"wpb_text_column us_custom_8bbf4ab2 has_text_color\"><div class=\"wpb_wrapper\"><h3>Spiral<\/h3>\n<\/div><\/div><div class=\"wpb_text_column us_custom_06228c73 has_text_color\"><div class=\"wpb_wrapper\"><p>Spiralbindung<\/p>\n<\/div><\/div><div class=\"w-separator size_medium\"><\/div><div class=\"w-btn-wrapper align_center\"><a class=\"w-btn us-btn-style_1\" href=\"https:\/\/mar-mar.hr\/wp-content\/uploads\/2026\/01\/2025_bag_brochure_digital_compressed.pdf\"><span class=\"w-btn-label\">Brosch\u00fcre herunterladen<\/span><\/a><\/div><\/div><\/div><div class=\"wpb_column vc_column_container\"><div class=\"vc_column-inner\"><div class=\"w-image us_custom_cdc6cdc7 m-auto has_height align_center\"><div class=\"w-image-h\"><img decoding=\"async\" width=\"210\" height=\"235\" src=\"https:\/\/mar-mar.hr\/wp-content\/uploads\/2025\/10\/planer-235x235-2-e1761812763324.png\" class=\"attachment-full size-full\" alt=\"\" loading=\"lazy\" \/><\/div><\/div><div class=\"wpb_text_column us_custom_8bbf4ab2 has_text_color\"><div class=\"wpb_wrapper\"><h3>Planer<\/h3>\n<\/div><\/div><div class=\"wpb_text_column us_custom_06228c73 has_text_color\"><div class=\"wpb_wrapper\"><p>ERSTELLUNG VON PLANERN<\/p>\n<\/div><\/div><\/div><\/div><\/div><\/div><\/section><section class=\"l-section wpb_row height_auto width_full\"><div class=\"l-section-h i-cf\"><div class=\"g-cols vc_row via_grid cols_1 laptops-cols_inherit tablets-cols_inherit mobiles-cols_1 valign_top type_default stacking_default\"><div class=\"wpb_column vc_column_container\"><div class=\"vc_column-inner\"><div class=\"w-gallery fit_cover type_grid ratio_1x1 count_4\" style=\"--columns:4;--items-gap:0px;\"><div class=\"w-gallery-list\"><div class=\"w-gallery-item\"><div class=\"w-gallery-item-img\"><img loading=\"lazy\" decoding=\"async\" width=\"997\" height=\"1024\" src=\"https:\/\/mar-mar.hr\/wp-content\/uploads\/2025\/10\/Asset-1@2x-80-2-997x1024.jpg\" class=\"attachment-large size-large\" alt=\"\" srcset=\"https:\/\/mar-mar.hr\/wp-content\/uploads\/2025\/10\/Asset-1@2x-80-2-997x1024.jpg 997w, https:\/\/mar-mar.hr\/wp-content\/uploads\/2025\/10\/Asset-1@2x-80-2-292x300.jpg 292w, https:\/\/mar-mar.hr\/wp-content\/uploads\/2025\/10\/Asset-1@2x-80-2.jpg 1444w\" sizes=\"auto, (max-width: 997px) 100vw, 997px\" \/><\/div><\/div><div class=\"w-gallery-item\"><div class=\"w-gallery-item-img\"><img loading=\"lazy\" decoding=\"async\" width=\"997\" height=\"1024\" src=\"https:\/\/mar-mar.hr\/wp-content\/uploads\/2025\/10\/Asset-2@2x-80-2-997x1024.jpg\" class=\"attachment-large size-large\" alt=\"\" srcset=\"https:\/\/mar-mar.hr\/wp-content\/uploads\/2025\/10\/Asset-2@2x-80-2-997x1024.jpg 997w, https:\/\/mar-mar.hr\/wp-content\/uploads\/2025\/10\/Asset-2@2x-80-2-292x300.jpg 292w, https:\/\/mar-mar.hr\/wp-content\/uploads\/2025\/10\/Asset-2@2x-80-2.jpg 1444w\" sizes=\"auto, (max-width: 997px) 100vw, 997px\" \/><\/div><\/div><div class=\"w-gallery-item\"><div class=\"w-gallery-item-img\"><img loading=\"lazy\" decoding=\"async\" width=\"997\" height=\"1024\" src=\"https:\/\/mar-mar.hr\/wp-content\/uploads\/2025\/10\/Asset-3@2x-80-2-997x1024.jpg\" class=\"attachment-large size-large\" alt=\"\" srcset=\"https:\/\/mar-mar.hr\/wp-content\/uploads\/2025\/10\/Asset-3@2x-80-2-997x1024.jpg 997w, https:\/\/mar-mar.hr\/wp-content\/uploads\/2025\/10\/Asset-3@2x-80-2-292x300.jpg 292w, https:\/\/mar-mar.hr\/wp-content\/uploads\/2025\/10\/Asset-3@2x-80-2.jpg 1444w\" sizes=\"auto, (max-width: 997px) 100vw, 997px\" \/><\/div><\/div><div class=\"w-gallery-item\"><div class=\"w-gallery-item-img\"><img loading=\"lazy\" decoding=\"async\" width=\"650\" height=\"668\" src=\"https:\/\/mar-mar.hr\/wp-content\/uploads\/2025\/10\/Asset-3-100-1-650x668-2.jpg\" class=\"attachment-large size-large\" alt=\"\" srcset=\"https:\/\/mar-mar.hr\/wp-content\/uploads\/2025\/10\/Asset-3-100-1-650x668-2.jpg 650w, https:\/\/mar-mar.hr\/wp-content\/uploads\/2025\/10\/Asset-3-100-1-650x668-2-292x300.jpg 292w\" sizes=\"auto, (max-width: 650px) 100vw, 650px\" \/><\/div><\/div><\/div><\/div><\/div><\/div><\/div><\/div><\/section><section class=\"l-section wpb_row us_custom_3fbfe1f3 height_medium\"><div class=\"l-section-h i-cf\"><div class=\"g-cols vc_row via_grid cols_1 laptops-cols_inherit tablets-cols_inherit mobiles-cols_1 valign_top type_default stacking_default\"><div class=\"wpb_column vc_column_container\"><div class=\"vc_column-inner\"><div class=\"w-image align_none\"><div class=\"w-image-h\"><img decoding=\"async\" src=\"https:\/\/mar-mar.hr\/wp-content\/uploads\/2025\/10\/Asset-37.svg\" class=\"attachment-full size-full\" alt=\"\" loading=\"lazy\" \/><\/div><\/div><\/div><\/div><\/div><\/div><\/section><section class=\"l-section wpb_row us_custom_e746c6c9 height_auto width_full\"><div class=\"l-section-h i-cf\"><div class=\"g-cols vc_row via_grid cols_1 laptops-cols_inherit tablets-cols_inherit mobiles-cols_1 valign_top type_default stacking_default\"><div class=\"wpb_column vc_column_container\"><div class=\"vc_column-inner\"><\/div><\/div><\/div><\/div><\/section><section class=\"l-section wpb_row us_custom_17293224 height_medium\"><div class=\"l-section-h i-cf\"><div class=\"g-cols vc_row via_grid cols_1 laptops-cols_inherit tablets-cols_inherit mobiles-cols_1 valign_top type_default stacking_default\"><div class=\"wpb_column vc_column_container\"><div class=\"vc_column-inner\"><div class=\"wpb_text_column us_custom_7b2083e7 has_text_color\"><div class=\"wpb_wrapper\"><p>ERSTELLEN SIE IHRE EIGENE MARKE VON NOTIZB\u00dcCHERN<\/p>\n<\/div><\/div><div class=\"wpb_text_column us_custom_0bff82b2 has_text_color\"><div class=\"wpb_wrapper\"><div class=\"vc_row wpb_row vc_row-fluid vc_custom_1690930073648 vc_row-has-fill\" data-vc-full-width=\"true\" data-vc-full-width-init=\"true\">\n<div class=\"wpb_column vc_column_container vc_col-sm-12\">\n<div class=\"vc_column-inner\">\n<div class=\"wpb_wrapper\">\n<div class=\"wpb_text_column wpb_content_element \">\n<div class=\"wpb_wrapper\">\n<p>Wir bieten unseren Kunden die M\u00f6glichkeit, ihre eigene Marke von Notizb\u00fcchern zu erstellen:<\/p>\n<\/div>\n<\/div>\n<\/div>\n<\/div>\n<\/div>\n<\/div>\n<\/div><\/div><div class=\"g-cols wpb_row via_grid cols_3 laptops-cols_inherit tablets-cols_inherit mobiles-cols_1 valign_top type_default stacking_default\" style=\"--columns-gap:3rem;\"><div class=\"wpb_column vc_column_container\"><div class=\"vc_column-inner\"><div class=\"w-image align_none\"><div class=\"w-image-h\"><img decoding=\"async\" width=\"1200\" height=\"1200\" src=\"https:\/\/mar-mar.hr\/wp-content\/uploads\/2025\/10\/002.png\" class=\"attachment-full size-full\" alt=\"\" loading=\"lazy\" srcset=\"https:\/\/mar-mar.hr\/wp-content\/uploads\/2025\/10\/002.png 1200w, https:\/\/mar-mar.hr\/wp-content\/uploads\/2025\/10\/002-300x300.png 300w, https:\/\/mar-mar.hr\/wp-content\/uploads\/2025\/10\/002-1024x1024.png 1024w, https:\/\/mar-mar.hr\/wp-content\/uploads\/2025\/10\/002-150x150.png 150w\" sizes=\"auto, (max-width: 1200px) 100vw, 1200px\" \/><\/div><\/div><\/div><\/div><div class=\"wpb_column vc_column_container\"><div class=\"vc_column-inner\"><div class=\"w-image align_none\"><div class=\"w-image-h\"><img decoding=\"async\" width=\"1200\" height=\"1200\" src=\"https:\/\/mar-mar.hr\/wp-content\/uploads\/2025\/10\/002-1.png\" class=\"attachment-full size-full\" alt=\"\" loading=\"lazy\" srcset=\"https:\/\/mar-mar.hr\/wp-content\/uploads\/2025\/10\/002-1.png 1200w, https:\/\/mar-mar.hr\/wp-content\/uploads\/2025\/10\/002-1-300x300.png 300w, https:\/\/mar-mar.hr\/wp-content\/uploads\/2025\/10\/002-1-1024x1024.png 1024w, https:\/\/mar-mar.hr\/wp-content\/uploads\/2025\/10\/002-1-150x150.png 150w\" sizes=\"auto, (max-width: 1200px) 100vw, 1200px\" \/><\/div><\/div><\/div><\/div><div class=\"wpb_column vc_column_container\"><div class=\"vc_column-inner\"><div class=\"w-image align_none\"><div class=\"w-image-h\"><img decoding=\"async\" width=\"1200\" height=\"1200\" src=\"https:\/\/mar-mar.hr\/wp-content\/uploads\/2025\/10\/treca@2x-1.png\" class=\"attachment-full size-full\" alt=\"\" loading=\"lazy\" srcset=\"https:\/\/mar-mar.hr\/wp-content\/uploads\/2025\/10\/treca@2x-1.png 1200w, https:\/\/mar-mar.hr\/wp-content\/uploads\/2025\/10\/treca@2x-1-300x300.png 300w, https:\/\/mar-mar.hr\/wp-content\/uploads\/2025\/10\/treca@2x-1-1024x1024.png 1024w, https:\/\/mar-mar.hr\/wp-content\/uploads\/2025\/10\/treca@2x-1-150x150.png 150w\" sizes=\"auto, (max-width: 1200px) 100vw, 1200px\" \/><\/div><\/div><\/div><\/div><\/div><\/div><\/div><\/div><\/div><\/section>\n","protected":false},"excerpt":{"rendered":"","protected":false},"author":1,"featured_media":0,"parent":0,"menu_order":0,"comment_status":"closed","ping_status":"closed","template":"","meta":{"footnotes":""},"class_list":["post-361","page","type-page","status-publish","hentry"],"yoast_head":"<!-- This site is optimized with the Yoast SEO plugin v26.4 - https:\/\/yoast.com\/wordpress\/plugins\/seo\/ -->\n<title>Ma\u00dfanfertigung - MAR-MAR d.o.o.<\/title>\n<meta name=\"robots\" content=\"index, follow, max-snippet:-1, max-image-preview:large, max-video-preview:-1\" \/>\n<link rel=\"canonical\" href=\"https:\/\/mar-mar.hr\/de\/massanfertigung\/\" \/>\n<meta property=\"og:locale\" content=\"de_DE\" \/>\n<meta property=\"og:type\" content=\"article\" \/>\n<meta property=\"og:title\" content=\"Ma\u00dfanfertigung - MAR-MAR d.o.o.\" \/>\n<meta property=\"og:url\" content=\"https:\/\/mar-mar.hr\/de\/massanfertigung\/\" \/>\n<meta property=\"og:site_name\" content=\"MAR-MAR d.o.o.\" \/>\n<meta property=\"article:publisher\" content=\"https:\/\/www.facebook.com\/LipaMillZagreb\" \/>\n<meta property=\"article:modified_time\" content=\"2026-01-26T13:58:17+00:00\" \/>\n<meta name=\"twitter:card\" content=\"summary_large_image\" \/>\n<meta name=\"twitter:label1\" content=\"Gesch\u00e4tzte Lesezeit\" \/>\n\t<meta name=\"twitter:data1\" content=\"5\u00a0Minuten\" \/>\n<script type=\"application\/ld+json\" class=\"yoast-schema-graph\">{\"@context\":\"https:\/\/schema.org\",\"@graph\":[{\"@type\":\"WebPage\",\"@id\":\"https:\/\/mar-mar.hr\/de\/massanfertigung\/\",\"url\":\"https:\/\/mar-mar.hr\/de\/massanfertigung\/\",\"name\":\"Ma\u00dfanfertigung - MAR-MAR d.o.o.\",\"isPartOf\":{\"@id\":\"https:\/\/mar-mar.hr\/de\/#website\"},\"datePublished\":\"2025-10-30T10:14:37+00:00\",\"dateModified\":\"2026-01-26T13:58:17+00:00\",\"breadcrumb\":{\"@id\":\"https:\/\/mar-mar.hr\/de\/massanfertigung\/#breadcrumb\"},\"inLanguage\":\"de\",\"potentialAction\":[{\"@type\":\"ReadAction\",\"target\":[\"https:\/\/mar-mar.hr\/de\/massanfertigung\/\"]}]},{\"@type\":\"BreadcrumbList\",\"@id\":\"https:\/\/mar-mar.hr\/de\/massanfertigung\/#breadcrumb\",\"itemListElement\":[{\"@type\":\"ListItem\",\"position\":1,\"name\":\"Home\",\"item\":\"https:\/\/mar-mar.hr\/de\/home\/\"},{\"@type\":\"ListItem\",\"position\":2,\"name\":\"Ma\u00dfanfertigung\"}]},{\"@type\":\"WebSite\",\"@id\":\"https:\/\/mar-mar.hr\/de\/#website\",\"url\":\"https:\/\/mar-mar.hr\/de\/\",\"name\":\"MAR-MAR d.o.o.\",\"description\":\"Proizvodnja bilje\u017enica\",\"publisher\":{\"@id\":\"https:\/\/mar-mar.hr\/de\/#organization\"},\"potentialAction\":[{\"@type\":\"SearchAction\",\"target\":{\"@type\":\"EntryPoint\",\"urlTemplate\":\"https:\/\/mar-mar.hr\/de\/?s={search_term_string}\"},\"query-input\":{\"@type\":\"PropertyValueSpecification\",\"valueRequired\":true,\"valueName\":\"search_term_string\"}}],\"inLanguage\":\"de\"},{\"@type\":\"Organization\",\"@id\":\"https:\/\/mar-mar.hr\/de\/#organization\",\"name\":\"MAR-MAR d.o.o.\",\"url\":\"https:\/\/mar-mar.hr\/de\/\",\"logo\":{\"@type\":\"ImageObject\",\"inLanguage\":\"de\",\"@id\":\"https:\/\/mar-mar.hr\/de\/#\/schema\/logo\/image\/\",\"url\":\"https:\/\/mar-mar.hr\/wp-content\/uploads\/2025\/10\/mar-mar_logo.png\",\"contentUrl\":\"https:\/\/mar-mar.hr\/wp-content\/uploads\/2025\/10\/mar-mar_logo.png\",\"width\":232,\"height\":130,\"caption\":\"MAR-MAR d.o.o.\"},\"image\":{\"@id\":\"https:\/\/mar-mar.hr\/de\/#\/schema\/logo\/image\/\"},\"sameAs\":[\"https:\/\/www.facebook.com\/LipaMillZagreb\",\"https:\/\/www.youtube.com\/channel\/UCIc4SEGAQ8H4pEAuG04nTRg\",\"https:\/\/www.instagram.com\/lipa_mill\/\",\"https:\/\/www.linkedin.com\/company\/mar-mar-d.o.o.\",\"https:\/\/www.tiktok.com\/@lipa.mill?lang=en\",\"https:\/\/www.pinterest.com\/lipa_mill\/_created\/\"]}]}<\/script>\n<!-- \/ Yoast SEO plugin. -->","yoast_head_json":{"title":"Ma\u00dfanfertigung - MAR-MAR d.o.o.","robots":{"index":"index","follow":"follow","max-snippet":"max-snippet:-1","max-image-preview":"max-image-preview:large","max-video-preview":"max-video-preview:-1"},"canonical":"https:\/\/mar-mar.hr\/de\/massanfertigung\/","og_locale":"de_DE","og_type":"article","og_title":"Ma\u00dfanfertigung - MAR-MAR d.o.o.","og_url":"https:\/\/mar-mar.hr\/de\/massanfertigung\/","og_site_name":"MAR-MAR d.o.o.","article_publisher":"https:\/\/www.facebook.com\/LipaMillZagreb","article_modified_time":"2026-01-26T13:58:17+00:00","twitter_card":"summary_large_image","twitter_misc":{"Gesch\u00e4tzte Lesezeit":"5\u00a0Minuten"},"schema":{"@context":"https:\/\/schema.org","@graph":[{"@type":"WebPage","@id":"https:\/\/mar-mar.hr\/de\/massanfertigung\/","url":"https:\/\/mar-mar.hr\/de\/massanfertigung\/","name":"Ma\u00dfanfertigung - MAR-MAR d.o.o.","isPartOf":{"@id":"https:\/\/mar-mar.hr\/de\/#website"},"datePublished":"2025-10-30T10:14:37+00:00","dateModified":"2026-01-26T13:58:17+00:00","breadcrumb":{"@id":"https:\/\/mar-mar.hr\/de\/massanfertigung\/#breadcrumb"},"inLanguage":"de","potentialAction":[{"@type":"ReadAction","target":["https:\/\/mar-mar.hr\/de\/massanfertigung\/"]}]},{"@type":"BreadcrumbList","@id":"https:\/\/mar-mar.hr\/de\/massanfertigung\/#breadcrumb","itemListElement":[{"@type":"ListItem","position":1,"name":"Home","item":"https:\/\/mar-mar.hr\/de\/home\/"},{"@type":"ListItem","position":2,"name":"Ma\u00dfanfertigung"}]},{"@type":"WebSite","@id":"https:\/\/mar-mar.hr\/de\/#website","url":"https:\/\/mar-mar.hr\/de\/","name":"MAR-MAR d.o.o.","description":"Proizvodnja bilje\u017enica","publisher":{"@id":"https:\/\/mar-mar.hr\/de\/#organization"},"potentialAction":[{"@type":"SearchAction","target":{"@type":"EntryPoint","urlTemplate":"https:\/\/mar-mar.hr\/de\/?s={search_term_string}"},"query-input":{"@type":"PropertyValueSpecification","valueRequired":true,"valueName":"search_term_string"}}],"inLanguage":"de"},{"@type":"Organization","@id":"https:\/\/mar-mar.hr\/de\/#organization","name":"MAR-MAR d.o.o.","url":"https:\/\/mar-mar.hr\/de\/","logo":{"@type":"ImageObject","inLanguage":"de","@id":"https:\/\/mar-mar.hr\/de\/#\/schema\/logo\/image\/","url":"https:\/\/mar-mar.hr\/wp-content\/uploads\/2025\/10\/mar-mar_logo.png","contentUrl":"https:\/\/mar-mar.hr\/wp-content\/uploads\/2025\/10\/mar-mar_logo.png","width":232,"height":130,"caption":"MAR-MAR d.o.o."},"image":{"@id":"https:\/\/mar-mar.hr\/de\/#\/schema\/logo\/image\/"},"sameAs":["https:\/\/www.facebook.com\/LipaMillZagreb","https:\/\/www.youtube.com\/channel\/UCIc4SEGAQ8H4pEAuG04nTRg","https:\/\/www.instagram.com\/lipa_mill\/","https:\/\/www.linkedin.com\/company\/mar-mar-d.o.o.","https:\/\/www.tiktok.com\/@lipa.mill?lang=en","https:\/\/www.pinterest.com\/lipa_mill\/_created\/"]}]}},"_links":{"self":[{"href":"https:\/\/mar-mar.hr\/de\/wp-json\/wp\/v2\/pages\/361","targetHints":{"allow":["GET"]}}],"collection":[{"href":"https:\/\/mar-mar.hr\/de\/wp-json\/wp\/v2\/pages"}],"about":[{"href":"https:\/\/mar-mar.hr\/de\/wp-json\/wp\/v2\/types\/page"}],"author":[{"embeddable":true,"href":"https:\/\/mar-mar.hr\/de\/wp-json\/wp\/v2\/users\/1"}],"replies":[{"embeddable":true,"href":"https:\/\/mar-mar.hr\/de\/wp-json\/wp\/v2\/comments?post=361"}],"version-history":[{"count":11,"href":"https:\/\/mar-mar.hr\/de\/wp-json\/wp\/v2\/pages\/361\/revisions"}],"predecessor-version":[{"id":828,"href":"https:\/\/mar-mar.hr\/de\/wp-json\/wp\/v2\/pages\/361\/revisions\/828"}],"wp:attachment":[{"href":"https:\/\/mar-mar.hr\/de\/wp-json\/wp\/v2\/media?parent=361"}],"curies":[{"name":"wp","href":"https:\/\/api.w.org\/{rel}","templated":true}]}}