{"id":389,"date":"2025-10-30T08:32:29","date_gmt":"2025-10-30T08:32:29","guid":{"rendered":"https:\/\/mar-mar.hr\/papierverpackung\/"},"modified":"2026-01-26T13:56:02","modified_gmt":"2026-01-26T13:56:02","slug":"papierverpackung","status":"publish","type":"page","link":"https:\/\/mar-mar.hr\/de\/papierverpackung\/","title":{"rendered":"Papierverpackung"},"content":{"rendered":"<section class=\"l-section wpb_row us_custom_7be30d4d height_medium\"><div class=\"l-section-h i-cf\"><div class=\"g-cols vc_row via_grid cols_1 laptops-cols_inherit tablets-cols_inherit mobiles-cols_1 valign_top type_default stacking_default\"><div class=\"wpb_column vc_column_container\"><div class=\"vc_column-inner\"><h1 class=\"w-text us_custom_ce938311 has_text_color icon_atleft\"><span class=\"w-text-h\"><i class=\"fas fa-shopping-bag\"><\/i><span class=\"w-text-value\">| PAPIERVERPACKUNG<\/span><\/span><\/h1><h2 class=\"w-text us_custom_64f83f66 has_text_color\"><span class=\"w-text-h\"><span class=\"w-text-value\">Produktionsm\u00f6glichkeiten<\/span><\/span><\/h2><div class=\"wpb_text_column us_custom_35646bbd has_text_color\"><div class=\"wpb_wrapper\"><p>Sie suchen eine hochwertige Papierverpackung f\u00fcr Ihr Produkt oder Unternehmen? MAR-MAR ist hier f\u00fcr Sie! <\/p>\n<p>Unser Angebot umfasst<span> <\/span><strong>Papiertragetaschen mit einem flachen Griff<\/strong>, die ideal f\u00fcr den praktischen Gebrauch in Alltagssituationen sind. F\u00fcr besondere Bed\u00fcrfnisse bieten wir <span> <\/span><strong>auch Papiert\u00fcten mit flachem Boden, die f\u00fcr Back- und Konditoreiwaren, Buchl\u00e4den, Geschenke, Schmuck<\/strong><span> <\/span>und noch vieles mehr geeignet sind. Einfach, aber hochwertig!<\/p>\n<\/div><\/div><\/div><\/div><\/div><\/div><\/section><section class=\"l-section wpb_row us_custom_7be30d4d height_medium\"><div class=\"l-section-h i-cf\"><div class=\"g-cols vc_row via_grid cols_4 laptops-cols_inherit tablets-cols_2 mobiles-cols_1 valign_top type_default stacking_default\"><div class=\"wpb_column vc_column_container\"><div class=\"vc_column-inner\"><div class=\"w-image us_custom_cdc6cdc7 m-auto has_height align_center\"><div class=\"w-image-h\"><img decoding=\"async\" width=\"196\" height=\"235\" src=\"https:\/\/mar-mar.hr\/wp-content\/uploads\/2025\/10\/vrecice-1-196x235-1.png\" class=\"attachment-full size-full\" alt=\"\" loading=\"lazy\" \/><\/div><\/div><div class=\"wpb_text_column us_custom_6bfc9082 has_text_color\"><div class=\"wpb_wrapper\"><h3>Taschen<\/h3>\n<\/div><\/div><div class=\"wpb_text_column us_custom_06228c73 has_text_color\"><div class=\"wpb_wrapper\"><p>PAPIERTRAGETASCHEN IN VERSCHIEDENEN FORMATEN UND FARBEN<\/p>\n<\/div><\/div><\/div><\/div><div class=\"wpb_column vc_column_container\"><div class=\"vc_column-inner\"><div class=\"w-image us_custom_cdc6cdc7 m-auto has_height align_center\"><div class=\"w-image-h\"><img decoding=\"async\" width=\"196\" height=\"235\" src=\"https:\/\/mar-mar.hr\/wp-content\/uploads\/2025\/10\/skanicl-1-196x235-1.png\" class=\"attachment-full size-full\" alt=\"\" loading=\"lazy\" \/><\/div><\/div><div class=\"wpb_text_column us_custom_6bfc9082 has_text_color\"><div class=\"wpb_wrapper\"><h3 class=\"vc_custom_heading bg-title green-bg\">PAPIERTRAGETACHEN MIT FLACHEM BODEN<\/h3>\n<\/div><\/div><div class=\"wpb_text_column us_custom_06228c73 has_text_color\"><div class=\"wpb_wrapper\"><p>VERPACKUNGSBEUTEL F\u00dcR B\u00c4CKEREIEN UND \u00c4HNLICHE GEWERBE<\/p>\n<\/div><\/div><div class=\"w-separator size_large\"><\/div><div class=\"w-btn-wrapper align_center\"><a class=\"w-btn us-btn-style_3 us_custom_76fb91bf\" target=\"_blank\" href=\"https:\/\/mar-mar.hr\/wp-content\/uploads\/2026\/01\/KATALOG-2026-spread_compressed.pdf\"><span class=\"w-btn-label\">Katalog herunterladen<\/span><\/a><\/div><\/div><\/div><div class=\"wpb_column vc_column_container\"><div class=\"vc_column-inner\"><div class=\"w-image us_custom_cdc6cdc7 m-auto has_height align_center\"><div class=\"w-image-h\"><img decoding=\"async\" width=\"196\" height=\"235\" src=\"https:\/\/mar-mar.hr\/wp-content\/uploads\/2025\/10\/vrecice-za-hranu-196x235-1.png\" class=\"attachment-full size-full\" alt=\"\" loading=\"lazy\" \/><\/div><\/div><div class=\"wpb_text_column us_custom_6bfc9082 has_text_color\"><div class=\"wpb_wrapper\"><h3>F\u00dcR LEBENSMITTEL<\/h3>\n<\/div><\/div><div class=\"wpb_text_column us_custom_06228c73 has_text_color\"><div class=\"wpb_wrapper\"><p>VERPACKUNGSBEUTEL F\u00dcR LEBENSMITTELPRODUKTE WIE MEHL, ZUCKER, PUDDING, VANILLEZUCKER, TEE<\/p>\n<\/div><\/div><div class=\"w-separator size_medium\"><\/div><div class=\"w-btn-wrapper align_center\"><a class=\"w-btn us-btn-style_3 us_custom_76fb91bf\" target=\"_blank\" href=\"https:\/\/mar-mar.hr\/wp-content\/uploads\/2026\/01\/2025_bag_brochure_digital_compressed.pdf\"><span class=\"w-btn-label\">Brosch\u00fcre herunterladen<\/span><\/a><\/div><\/div><\/div><div class=\"wpb_column vc_column_container\"><div class=\"vc_column-inner\"><div class=\"w-image us_custom_cdc6cdc7 m-auto has_height align_center\"><div class=\"w-image-h\"><img decoding=\"async\" width=\"196\" height=\"235\" src=\"https:\/\/mar-mar.hr\/wp-content\/uploads\/2025\/10\/papiri-196x235-1.png\" class=\"attachment-full size-full\" alt=\"\" loading=\"lazy\" \/><\/div><\/div><div class=\"wpb_text_column us_custom_6bfc9082 has_text_color\"><div class=\"wpb_wrapper\"><h3>Papiere<\/h3>\n<\/div><\/div><div class=\"wpb_text_column us_custom_06228c73 has_text_color\"><div class=\"wpb_wrapper\"><p>VERPACKUNGSPAPIER F\u00dcR SANDWICHES, BURGER, TEXTILIEN, GESCHENKE<\/p>\n<\/div><\/div><\/div><\/div><\/div><\/div><\/section><section class=\"l-section wpb_row height_auto width_full\"><div class=\"l-section-h i-cf\"><div class=\"g-cols vc_row via_grid cols_1 laptops-cols_inherit tablets-cols_inherit mobiles-cols_1 valign_top type_default stacking_default\"><div class=\"wpb_column vc_column_container\"><div class=\"vc_column-inner\"><div class=\"w-gallery fit_cover type_grid ratio_1x1 count_4\" style=\"--columns:4;--items-gap:0px;\"><div class=\"w-gallery-list\"><div class=\"w-gallery-item\"><div class=\"w-gallery-item-img\"><img loading=\"lazy\" decoding=\"async\" width=\"1024\" height=\"1024\" src=\"https:\/\/mar-mar.hr\/wp-content\/uploads\/2025\/10\/001-4-1024x1024.jpg\" class=\"attachment-large size-large\" alt=\"\" srcset=\"https:\/\/mar-mar.hr\/wp-content\/uploads\/2025\/10\/001-4-1024x1024.jpg 1024w, https:\/\/mar-mar.hr\/wp-content\/uploads\/2025\/10\/001-4-300x300.jpg 300w, https:\/\/mar-mar.hr\/wp-content\/uploads\/2025\/10\/001-4-150x150.jpg 150w, https:\/\/mar-mar.hr\/wp-content\/uploads\/2025\/10\/001-4.jpg 1500w\" sizes=\"auto, (max-width: 1024px) 100vw, 1024px\" \/><\/div><\/div><div class=\"w-gallery-item\"><div class=\"w-gallery-item-img\"><img loading=\"lazy\" decoding=\"async\" width=\"1024\" height=\"1024\" src=\"https:\/\/mar-mar.hr\/wp-content\/uploads\/2025\/10\/002-3-1024x1024.jpg\" class=\"attachment-large size-large\" alt=\"\" srcset=\"https:\/\/mar-mar.hr\/wp-content\/uploads\/2025\/10\/002-3-1024x1024.jpg 1024w, https:\/\/mar-mar.hr\/wp-content\/uploads\/2025\/10\/002-3-300x300.jpg 300w, https:\/\/mar-mar.hr\/wp-content\/uploads\/2025\/10\/002-3-150x150.jpg 150w, https:\/\/mar-mar.hr\/wp-content\/uploads\/2025\/10\/002-3.jpg 1500w\" sizes=\"auto, (max-width: 1024px) 100vw, 1024px\" \/><\/div><\/div><div class=\"w-gallery-item\"><div class=\"w-gallery-item-img\"><img loading=\"lazy\" decoding=\"async\" width=\"1024\" height=\"1024\" src=\"https:\/\/mar-mar.hr\/wp-content\/uploads\/2025\/10\/003-4-1024x1024.jpg\" class=\"attachment-large size-large\" alt=\"\" srcset=\"https:\/\/mar-mar.hr\/wp-content\/uploads\/2025\/10\/003-4-1024x1024.jpg 1024w, https:\/\/mar-mar.hr\/wp-content\/uploads\/2025\/10\/003-4-300x300.jpg 300w, https:\/\/mar-mar.hr\/wp-content\/uploads\/2025\/10\/003-4-150x150.jpg 150w, https:\/\/mar-mar.hr\/wp-content\/uploads\/2025\/10\/003-4.jpg 1500w\" sizes=\"auto, (max-width: 1024px) 100vw, 1024px\" \/><\/div><\/div><div class=\"w-gallery-item\"><div class=\"w-gallery-item-img\"><img loading=\"lazy\" decoding=\"async\" width=\"1024\" height=\"1024\" src=\"https:\/\/mar-mar.hr\/wp-content\/uploads\/2025\/10\/111-1-1024x1024.jpg\" class=\"attachment-large size-large\" alt=\"\" srcset=\"https:\/\/mar-mar.hr\/wp-content\/uploads\/2025\/10\/111-1-1024x1024.jpg 1024w, https:\/\/mar-mar.hr\/wp-content\/uploads\/2025\/10\/111-1-300x300.jpg 300w, https:\/\/mar-mar.hr\/wp-content\/uploads\/2025\/10\/111-1-150x150.jpg 150w, https:\/\/mar-mar.hr\/wp-content\/uploads\/2025\/10\/111-1.jpg 1500w\" sizes=\"auto, (max-width: 1024px) 100vw, 1024px\" \/><\/div><\/div><\/div><\/div><\/div><\/div><\/div><\/div><\/section><section class=\"l-section wpb_row us_custom_a28c7d9b height_medium\"><div class=\"l-section-h i-cf\"><div class=\"g-cols vc_row via_grid cols_2 laptops-cols_inherit tablets-cols_inherit mobiles-cols_1 valign_top type_default stacking_default\"><div class=\"wpb_column vc_column_container\"><div class=\"vc_column-inner\"><div class=\"w-image align_none\"><div class=\"w-image-h\"><img decoding=\"async\" width=\"1131\" height=\"521\" src=\"https:\/\/mar-mar.hr\/wp-content\/uploads\/2025\/10\/zelena_mm.png\" class=\"attachment-full size-full\" alt=\"\" loading=\"lazy\" srcset=\"https:\/\/mar-mar.hr\/wp-content\/uploads\/2025\/10\/zelena_mm.png 1131w, https:\/\/mar-mar.hr\/wp-content\/uploads\/2025\/10\/zelena_mm-300x138.png 300w, https:\/\/mar-mar.hr\/wp-content\/uploads\/2025\/10\/zelena_mm-1024x472.png 1024w\" sizes=\"auto, (max-width: 1131px) 100vw, 1131px\" \/><\/div><\/div><\/div><\/div><div class=\"wpb_column vc_column_container\"><div class=\"vc_column-inner\"><div class=\"w-image align_none\"><div class=\"w-image-h\"><img decoding=\"async\" width=\"650\" height=\"300\" src=\"https:\/\/mar-mar.hr\/wp-content\/uploads\/2025\/10\/skanicli-1024x472_hr-650x300-1.png\" class=\"attachment-full size-full\" alt=\"\" loading=\"lazy\" srcset=\"https:\/\/mar-mar.hr\/wp-content\/uploads\/2025\/10\/skanicli-1024x472_hr-650x300-1.png 650w, https:\/\/mar-mar.hr\/wp-content\/uploads\/2025\/10\/skanicli-1024x472_hr-650x300-1-300x138.png 300w\" sizes=\"auto, (max-width: 650px) 100vw, 650px\" \/><\/div><\/div><\/div><\/div><\/div><\/div><\/section><section class=\"l-section wpb_row height_auto width_full\"><div class=\"l-section-h i-cf\"><div class=\"g-cols vc_row via_grid cols_1 laptops-cols_inherit tablets-cols_inherit mobiles-cols_1 valign_top type_default stacking_default\"><div class=\"wpb_column vc_column_container\"><div class=\"vc_column-inner\"><div class=\"w-gallery fit_cover type_grid ratio_1x1 count_4\" style=\"--columns:4;--items-gap:0px;\"><div class=\"w-gallery-list\"><div class=\"w-gallery-item\"><div class=\"w-gallery-item-img\"><img loading=\"lazy\" decoding=\"async\" width=\"1024\" height=\"1024\" src=\"https:\/\/mar-mar.hr\/wp-content\/uploads\/2025\/10\/004-1-1024x1024.jpg\" class=\"attachment-large size-large\" alt=\"\" srcset=\"https:\/\/mar-mar.hr\/wp-content\/uploads\/2025\/10\/004-1-1024x1024.jpg 1024w, https:\/\/mar-mar.hr\/wp-content\/uploads\/2025\/10\/004-1-300x300.jpg 300w, https:\/\/mar-mar.hr\/wp-content\/uploads\/2025\/10\/004-1-150x150.jpg 150w, https:\/\/mar-mar.hr\/wp-content\/uploads\/2025\/10\/004-1.jpg 1500w\" sizes=\"auto, (max-width: 1024px) 100vw, 1024px\" \/><\/div><\/div><div class=\"w-gallery-item\"><div class=\"w-gallery-item-img\"><img loading=\"lazy\" decoding=\"async\" width=\"1024\" height=\"1024\" src=\"https:\/\/mar-mar.hr\/wp-content\/uploads\/2025\/10\/005-1024x1024.jpg\" class=\"attachment-large size-large\" alt=\"\" srcset=\"https:\/\/mar-mar.hr\/wp-content\/uploads\/2025\/10\/005-1024x1024.jpg 1024w, https:\/\/mar-mar.hr\/wp-content\/uploads\/2025\/10\/005-300x300.jpg 300w, https:\/\/mar-mar.hr\/wp-content\/uploads\/2025\/10\/005-150x150.jpg 150w, https:\/\/mar-mar.hr\/wp-content\/uploads\/2025\/10\/005.jpg 1500w\" sizes=\"auto, (max-width: 1024px) 100vw, 1024px\" \/><\/div><\/div><div class=\"w-gallery-item\"><div class=\"w-gallery-item-img\"><img loading=\"lazy\" decoding=\"async\" width=\"1024\" height=\"1024\" src=\"https:\/\/mar-mar.hr\/wp-content\/uploads\/2025\/10\/006-1024x1024.jpg\" class=\"attachment-large size-large\" alt=\"\" srcset=\"https:\/\/mar-mar.hr\/wp-content\/uploads\/2025\/10\/006-1024x1024.jpg 1024w, https:\/\/mar-mar.hr\/wp-content\/uploads\/2025\/10\/006-300x300.jpg 300w, https:\/\/mar-mar.hr\/wp-content\/uploads\/2025\/10\/006-150x150.jpg 150w, https:\/\/mar-mar.hr\/wp-content\/uploads\/2025\/10\/006.jpg 1500w\" sizes=\"auto, (max-width: 1024px) 100vw, 1024px\" \/><\/div><\/div><div class=\"w-gallery-item\"><div class=\"w-gallery-item-img\"><img loading=\"lazy\" decoding=\"async\" width=\"1024\" height=\"1024\" src=\"https:\/\/mar-mar.hr\/wp-content\/uploads\/2025\/10\/brand_d-1024x1024.jpg\" class=\"attachment-large size-large\" alt=\"\" srcset=\"https:\/\/mar-mar.hr\/wp-content\/uploads\/2025\/10\/brand_d-1024x1024.jpg 1024w, https:\/\/mar-mar.hr\/wp-content\/uploads\/2025\/10\/brand_d-300x300.jpg 300w, https:\/\/mar-mar.hr\/wp-content\/uploads\/2025\/10\/brand_d-150x150.jpg 150w, https:\/\/mar-mar.hr\/wp-content\/uploads\/2025\/10\/brand_d.jpg 1500w\" sizes=\"auto, (max-width: 1024px) 100vw, 1024px\" \/><\/div><\/div><\/div><\/div><\/div><\/div><\/div><\/div><\/section><section class=\"l-section wpb_row us_custom_b3f8ba80 height_medium\"><div class=\"l-section-h i-cf\"><div class=\"g-cols vc_row via_grid cols_1 laptops-cols_inherit tablets-cols_inherit mobiles-cols_1 valign_top type_default stacking_default\"><div class=\"wpb_column vc_column_container\"><div class=\"vc_column-inner\"><div class=\"wpb_text_column us_custom_6bd3f5ae has_text_color\"><div class=\"wpb_wrapper\"><p><span>Eine hochwertige Papierverpackung ist oft der Schl\u00fcssel zu einer erfolgreichen Pr\u00e4sentation Ihres Produkts oder Unternehmens!<\/span><br \/>\n<span>Wenden Sie sich vertrauensvoll an uns, und gemeinsam w\u00e4hlen und produzieren wir die beste Verpackung f\u00fcr Ihren Marketingauftritt auf dem Markt.<\/span><\/p>\n<\/div><\/div><\/div><\/div><\/div><\/div><\/section><section class=\"l-section wpb_row us_custom_622401e5 height_medium\"><div class=\"l-section-h i-cf\"><div class=\"g-cols vc_row via_grid cols_1 laptops-cols_inherit tablets-cols_inherit mobiles-cols_1 valign_top type_default stacking_default\"><div class=\"wpb_column vc_column_container\"><div class=\"vc_column-inner\"><div class=\"w-image us_custom_214cff5d align_none\"><div class=\"w-image-h\"><img decoding=\"async\" width=\"464\" height=\"560\" src=\"https:\/\/mar-mar.hr\/wp-content\/uploads\/2025\/10\/Asset-3.png\" class=\"attachment-full size-full\" alt=\"\" loading=\"lazy\" srcset=\"https:\/\/mar-mar.hr\/wp-content\/uploads\/2025\/10\/Asset-3.png 464w, https:\/\/mar-mar.hr\/wp-content\/uploads\/2025\/10\/Asset-3-249x300.png 249w\" sizes=\"auto, (max-width: 464px) 100vw, 464px\" \/><\/div><\/div><\/div><\/div><\/div><\/div><\/section>\n","protected":false},"excerpt":{"rendered":"","protected":false},"author":1,"featured_media":0,"parent":0,"menu_order":0,"comment_status":"closed","ping_status":"closed","template":"","meta":{"footnotes":""},"class_list":["post-389","page","type-page","status-publish","hentry"],"yoast_head":"<!-- This site is optimized with the Yoast SEO plugin v26.4 - https:\/\/yoast.com\/wordpress\/plugins\/seo\/ -->\n<title>Papierverpackung - MAR-MAR d.o.o.<\/title>\n<meta name=\"robots\" content=\"index, follow, max-snippet:-1, max-image-preview:large, max-video-preview:-1\" \/>\n<link rel=\"canonical\" href=\"https:\/\/mar-mar.hr\/de\/papierverpackung\/\" \/>\n<meta property=\"og:locale\" content=\"de_DE\" \/>\n<meta property=\"og:type\" content=\"article\" \/>\n<meta property=\"og:title\" content=\"Papierverpackung - MAR-MAR d.o.o.\" \/>\n<meta property=\"og:url\" content=\"https:\/\/mar-mar.hr\/de\/papierverpackung\/\" \/>\n<meta property=\"og:site_name\" content=\"MAR-MAR d.o.o.\" \/>\n<meta property=\"article:publisher\" content=\"https:\/\/www.facebook.com\/LipaMillZagreb\" \/>\n<meta property=\"article:modified_time\" content=\"2026-01-26T13:56:02+00:00\" \/>\n<meta name=\"twitter:card\" content=\"summary_large_image\" \/>\n<meta name=\"twitter:label1\" content=\"Gesch\u00e4tzte Lesezeit\" \/>\n\t<meta name=\"twitter:data1\" content=\"5\u00a0Minuten\" \/>\n<script type=\"application\/ld+json\" class=\"yoast-schema-graph\">{\"@context\":\"https:\/\/schema.org\",\"@graph\":[{\"@type\":\"WebPage\",\"@id\":\"https:\/\/mar-mar.hr\/de\/papierverpackung\/\",\"url\":\"https:\/\/mar-mar.hr\/de\/papierverpackung\/\",\"name\":\"Papierverpackung - MAR-MAR d.o.o.\",\"isPartOf\":{\"@id\":\"https:\/\/mar-mar.hr\/de\/#website\"},\"datePublished\":\"2025-10-30T08:32:29+00:00\",\"dateModified\":\"2026-01-26T13:56:02+00:00\",\"breadcrumb\":{\"@id\":\"https:\/\/mar-mar.hr\/de\/papierverpackung\/#breadcrumb\"},\"inLanguage\":\"de\",\"potentialAction\":[{\"@type\":\"ReadAction\",\"target\":[\"https:\/\/mar-mar.hr\/de\/papierverpackung\/\"]}]},{\"@type\":\"BreadcrumbList\",\"@id\":\"https:\/\/mar-mar.hr\/de\/papierverpackung\/#breadcrumb\",\"itemListElement\":[{\"@type\":\"ListItem\",\"position\":1,\"name\":\"Home\",\"item\":\"https:\/\/mar-mar.hr\/de\/home\/\"},{\"@type\":\"ListItem\",\"position\":2,\"name\":\"Papierverpackung\"}]},{\"@type\":\"WebSite\",\"@id\":\"https:\/\/mar-mar.hr\/de\/#website\",\"url\":\"https:\/\/mar-mar.hr\/de\/\",\"name\":\"MAR-MAR d.o.o.\",\"description\":\"Proizvodnja bilje\u017enica\",\"publisher\":{\"@id\":\"https:\/\/mar-mar.hr\/de\/#organization\"},\"potentialAction\":[{\"@type\":\"SearchAction\",\"target\":{\"@type\":\"EntryPoint\",\"urlTemplate\":\"https:\/\/mar-mar.hr\/de\/?s={search_term_string}\"},\"query-input\":{\"@type\":\"PropertyValueSpecification\",\"valueRequired\":true,\"valueName\":\"search_term_string\"}}],\"inLanguage\":\"de\"},{\"@type\":\"Organization\",\"@id\":\"https:\/\/mar-mar.hr\/de\/#organization\",\"name\":\"MAR-MAR d.o.o.\",\"url\":\"https:\/\/mar-mar.hr\/de\/\",\"logo\":{\"@type\":\"ImageObject\",\"inLanguage\":\"de\",\"@id\":\"https:\/\/mar-mar.hr\/de\/#\/schema\/logo\/image\/\",\"url\":\"https:\/\/mar-mar.hr\/wp-content\/uploads\/2025\/10\/mar-mar_logo.png\",\"contentUrl\":\"https:\/\/mar-mar.hr\/wp-content\/uploads\/2025\/10\/mar-mar_logo.png\",\"width\":232,\"height\":130,\"caption\":\"MAR-MAR d.o.o.\"},\"image\":{\"@id\":\"https:\/\/mar-mar.hr\/de\/#\/schema\/logo\/image\/\"},\"sameAs\":[\"https:\/\/www.facebook.com\/LipaMillZagreb\",\"https:\/\/www.youtube.com\/channel\/UCIc4SEGAQ8H4pEAuG04nTRg\",\"https:\/\/www.instagram.com\/lipa_mill\/\",\"https:\/\/www.linkedin.com\/company\/mar-mar-d.o.o.\",\"https:\/\/www.tiktok.com\/@lipa.mill?lang=en\",\"https:\/\/www.pinterest.com\/lipa_mill\/_created\/\"]}]}<\/script>\n<!-- \/ Yoast SEO plugin. -->","yoast_head_json":{"title":"Papierverpackung - MAR-MAR d.o.o.","robots":{"index":"index","follow":"follow","max-snippet":"max-snippet:-1","max-image-preview":"max-image-preview:large","max-video-preview":"max-video-preview:-1"},"canonical":"https:\/\/mar-mar.hr\/de\/papierverpackung\/","og_locale":"de_DE","og_type":"article","og_title":"Papierverpackung - MAR-MAR d.o.o.","og_url":"https:\/\/mar-mar.hr\/de\/papierverpackung\/","og_site_name":"MAR-MAR d.o.o.","article_publisher":"https:\/\/www.facebook.com\/LipaMillZagreb","article_modified_time":"2026-01-26T13:56:02+00:00","twitter_card":"summary_large_image","twitter_misc":{"Gesch\u00e4tzte Lesezeit":"5\u00a0Minuten"},"schema":{"@context":"https:\/\/schema.org","@graph":[{"@type":"WebPage","@id":"https:\/\/mar-mar.hr\/de\/papierverpackung\/","url":"https:\/\/mar-mar.hr\/de\/papierverpackung\/","name":"Papierverpackung - MAR-MAR d.o.o.","isPartOf":{"@id":"https:\/\/mar-mar.hr\/de\/#website"},"datePublished":"2025-10-30T08:32:29+00:00","dateModified":"2026-01-26T13:56:02+00:00","breadcrumb":{"@id":"https:\/\/mar-mar.hr\/de\/papierverpackung\/#breadcrumb"},"inLanguage":"de","potentialAction":[{"@type":"ReadAction","target":["https:\/\/mar-mar.hr\/de\/papierverpackung\/"]}]},{"@type":"BreadcrumbList","@id":"https:\/\/mar-mar.hr\/de\/papierverpackung\/#breadcrumb","itemListElement":[{"@type":"ListItem","position":1,"name":"Home","item":"https:\/\/mar-mar.hr\/de\/home\/"},{"@type":"ListItem","position":2,"name":"Papierverpackung"}]},{"@type":"WebSite","@id":"https:\/\/mar-mar.hr\/de\/#website","url":"https:\/\/mar-mar.hr\/de\/","name":"MAR-MAR d.o.o.","description":"Proizvodnja bilje\u017enica","publisher":{"@id":"https:\/\/mar-mar.hr\/de\/#organization"},"potentialAction":[{"@type":"SearchAction","target":{"@type":"EntryPoint","urlTemplate":"https:\/\/mar-mar.hr\/de\/?s={search_term_string}"},"query-input":{"@type":"PropertyValueSpecification","valueRequired":true,"valueName":"search_term_string"}}],"inLanguage":"de"},{"@type":"Organization","@id":"https:\/\/mar-mar.hr\/de\/#organization","name":"MAR-MAR d.o.o.","url":"https:\/\/mar-mar.hr\/de\/","logo":{"@type":"ImageObject","inLanguage":"de","@id":"https:\/\/mar-mar.hr\/de\/#\/schema\/logo\/image\/","url":"https:\/\/mar-mar.hr\/wp-content\/uploads\/2025\/10\/mar-mar_logo.png","contentUrl":"https:\/\/mar-mar.hr\/wp-content\/uploads\/2025\/10\/mar-mar_logo.png","width":232,"height":130,"caption":"MAR-MAR d.o.o."},"image":{"@id":"https:\/\/mar-mar.hr\/de\/#\/schema\/logo\/image\/"},"sameAs":["https:\/\/www.facebook.com\/LipaMillZagreb","https:\/\/www.youtube.com\/channel\/UCIc4SEGAQ8H4pEAuG04nTRg","https:\/\/www.instagram.com\/lipa_mill\/","https:\/\/www.linkedin.com\/company\/mar-mar-d.o.o.","https:\/\/www.tiktok.com\/@lipa.mill?lang=en","https:\/\/www.pinterest.com\/lipa_mill\/_created\/"]}]}},"_links":{"self":[{"href":"https:\/\/mar-mar.hr\/de\/wp-json\/wp\/v2\/pages\/389","targetHints":{"allow":["GET"]}}],"collection":[{"href":"https:\/\/mar-mar.hr\/de\/wp-json\/wp\/v2\/pages"}],"about":[{"href":"https:\/\/mar-mar.hr\/de\/wp-json\/wp\/v2\/types\/page"}],"author":[{"embeddable":true,"href":"https:\/\/mar-mar.hr\/de\/wp-json\/wp\/v2\/users\/1"}],"replies":[{"embeddable":true,"href":"https:\/\/mar-mar.hr\/de\/wp-json\/wp\/v2\/comments?post=389"}],"version-history":[{"count":9,"href":"https:\/\/mar-mar.hr\/de\/wp-json\/wp\/v2\/pages\/389\/revisions"}],"predecessor-version":[{"id":820,"href":"https:\/\/mar-mar.hr\/de\/wp-json\/wp\/v2\/pages\/389\/revisions\/820"}],"wp:attachment":[{"href":"https:\/\/mar-mar.hr\/de\/wp-json\/wp\/v2\/media?parent=389"}],"curies":[{"name":"wp","href":"https:\/\/api.w.org\/{rel}","templated":true}]}}