{"id":452,"date":"2025-10-30T14:07:39","date_gmt":"2025-10-30T14:07:39","guid":{"rendered":"https:\/\/mar-mar.hr\/projekte\/"},"modified":"2025-11-04T10:30:15","modified_gmt":"2025-11-04T10:30:15","slug":"projekte","status":"publish","type":"page","link":"https:\/\/mar-mar.hr\/de\/projekte\/","title":{"rendered":"Projekte"},"content":{"rendered":"<section class=\"l-section wpb_row us_custom_17293224 height_medium\"><div class=\"l-section-h i-cf\"><div class=\"g-cols vc_row via_grid cols_1 laptops-cols_inherit tablets-cols_inherit mobiles-cols_1 valign_top type_default stacking_default\"><div class=\"wpb_column vc_column_container\"><div class=\"vc_column-inner\"><h1 class=\"w-text\"><span class=\"w-text-h\"><span class=\"w-text-value\">Projekte<\/span><\/span><\/h1><div class=\"wpb_text_column\"><div class=\"wpb_wrapper\"><p>U sklopu poziva na dostavu projektnih prijedloga \u201e Vau\u010deri za digitalizaciju\u201c MAR-MAR d.o.o. provodi projekt pod nazivom\u201e Nadogradnja programskog sustava PAUK novim modulom kontrole kvalitete.\u201c za koji su odobrena bespovratna sredstva za projekte sufinancirane iz Europskih strukturnih i investicijskih fondova u financijskom razdoblju od 2021.-2027., oznaka projekta: NPOO.C1.1.2.R3-12.01-V15.0039. Provedba projekta rezultirat \u0107e unaprije\u0111enim poslovnim procesima proizvodnje, upravljanja ljudskim resursima, logistike te upravljanja rizicima, a doprinijet \u0107e otvaranju novih radnih mjesta, boljim uvjetima za rad, pove\u0107anju prodaje te ja\u010danju konkurentnosti i otpornosti poduze\u0107a na doma\u0107em i inozemnim tr\u017ei\u0161tima. Ciljane skupine na koje \u0107e projekt imati utjecaj su uprava, zaposlenici, kooperanti, partneri i kupci.<br \/>\nNaziv projekta: \u201e Nadogradnja programskog sustava PAUK novim modulom kontrole kvalitete.<br \/>\nUkupni iznos projekta: 13.750,00\u20ac<br \/>\nUkupno prihvatljivi tro\u0161kovi: 11.000,00\u20ac<br \/>\nUkupni iznos odabrane potpore: 6.600,00\u20ac<br \/>\nTrajanje projekta: 24.06.2024.- 28.02.2025.<br \/>\nKontakt osoba: Ivan \u0160uni\u0107, info@mar-mar.hr , +385 (1) 6608152<\/p>\n<p><img loading=\"lazy\" decoding=\"async\" class=\"alignnone size-full wp-image-661\" src=\"https:\/\/mar-mar.hr\/wp-content\/uploads\/2025\/11\/feu-300x84-2.png\" alt=\"\" width=\"300\" height=\"84\"><\/p>\n<p>\u201eFinancira Europska unija \u2013 NextGenerationEU. Izneseni stavovi i mi\u0161ljenja samo su autorova i ne odra\u017eavaju nu\u017eno slu\u017ebena stajali\u0161ta Europske unije ili Europske komisije. Ni Europska unija ni Europska komisija ne mogu se smatrati odgovornima za njih.\u201c  <\/p>\n<p><strong><em>DIGITALIZACIJA TRANSFORMACIJA TVRTKE MAR-MAR D.O.O.<\/em><\/strong><\/p>\n<p><img loading=\"lazy\" decoding=\"async\" class=\"alignnone wp-image-662 size-full\" src=\"https:\/\/mar-mar.hr\/wp-content\/uploads\/2025\/11\/digitalizacija.jpg\" alt=\"\" width=\"1536\" height=\"240\" srcset=\"https:\/\/mar-mar.hr\/wp-content\/uploads\/2025\/11\/digitalizacija.jpg 1536w, https:\/\/mar-mar.hr\/wp-content\/uploads\/2025\/11\/digitalizacija-300x47.jpg 300w, https:\/\/mar-mar.hr\/wp-content\/uploads\/2025\/11\/digitalizacija-1024x160.jpg 1024w\" sizes=\"auto, (max-width: 1536px) 100vw, 1536px\" \/><\/p>\n<p>U sklopu poziva na dostavu projektnih prijedloga \u201e Bespovratne potpore za digitalizaciju\u201c MAR-MAR d.o.o. provodi projekt naziva\u201e Digitalizacija transformacija tvrtke MAR-MAR d.o.o. \u201c za koji su odobrena bespovratna sredstva za projekte sufinancirane iz Europskih strukturnih i investicijskih fondova u financijskom razdoblju od 2021.-2027., oznaka projekta: NPOO.C1.1.2.R3-I3.01.0389.<br \/>\nMAR-MAR \u0107e kroz primjenu novih digitalnih rje\u0161enja u svoje poslovanje omogu\u0107iti uvo\u0111enje nove proizvodne linije papirnatih vre\u0107ica. Provedba projekta rezultirat \u0107e unaprije\u0111enim poslovnim procesima proizvodnje, boljem upravljanju ljudskim resursima, prodaje i marketinga, logistike te upravljanju rizicima. Uz navedeno, pove\u0107at \u0107e se kiberneti\u010dka sigurnost IT infrastrukture tvrtke i otvaranje novih radnih mjesta kao i bolji uvjeti za rad, pove\u0107anje prodaje te ja\u010danje konkurentnosti i u\u010dinkovitosti poduze\u0107a na doma\u0107em i inozemnim tr\u017ei\u0161tima. Ciljane skupine na koje projekt ima utjecaj su uprava, zaposlenici, kooperanti, partneri i kupci.   <\/p>\n<p><em>Naziv projekta: Digitalizacija transformacija tvrtke MAR-MAR d.o.o.<br \/>\nUkupni iznos projekta: 222. 194,57 \u20ac<br \/>\nUkupno prihvatljivi tro\u0161kovi: 177.755,66 \u20ac<br \/>\nUkupni iznos odabrane potpore: 97.765,61 \u20ac<br \/>\nTrajanje projekta: 01.11.2022- 01.11.2024.<br \/>\nKontakt osoba: Ivan \u0160uni\u0107, info@mar-mar.hr , +385 (1) 6608152 <\/em><\/p>\n<div class=\"vc_separator wpb_content_element vc_separator_align_center vc_sep_width_100 vc_sep_pos_align_center vc_separator_no_text vc_sep_color_black\"><\/div>\n<div class=\"wpb_text_column wpb_content_element \">\n<div class=\"wpb_wrapper\">\n<p><strong><em>INTERNACIONALIZACIJA POSLOVANJA MSP-OVA FAZA 2<\/em><\/strong><\/p>\n<p><img loading=\"lazy\" decoding=\"async\" class=\"alignnone size-full wp-image-663\" src=\"https:\/\/mar-mar.hr\/wp-content\/uploads\/2025\/11\/Zastave-i-EU-fondovi.png\" alt=\"\" width=\"2560\" height=\"400\" srcset=\"https:\/\/mar-mar.hr\/wp-content\/uploads\/2025\/11\/Zastave-i-EU-fondovi.png 2560w, https:\/\/mar-mar.hr\/wp-content\/uploads\/2025\/11\/Zastave-i-EU-fondovi-300x47.png 300w, https:\/\/mar-mar.hr\/wp-content\/uploads\/2025\/11\/Zastave-i-EU-fondovi-1024x160.png 1024w\" sizes=\"auto, (max-width: 2560px) 100vw, 2560px\" \/><\/p>\n<p><em>U sklopu poziva na dostavu projektnih prijedloga \u201eInternacionalizacija poslovanja MSP-ova- Faza 2\u201c MAR-MAR d.o.o. provodi projekt \u201c<\/em> <em>Unapre\u0111enje prodaje na stranim tr\u017ei\u0161tima \u201e za koji su odobrena bespovratna sredstava za projekte koji se financiraju iz Europskih strukturnih i investicijskih fondova u financijskom razdoblju od 2014-2020, oznake KK.03.2.1.16.0136.<\/em><\/p>\n<p><em>Mar-mar \u0107e pove\u0107anim sudjelovanjem na sajmovima kroz samostalna izlaganja ili organizirane B2B susrete unaprijediti tr\u017ei\u0161ni polo\u017eaj, pove\u0107ati broj zemalja u kojima izvozi svoje proizvode, te broj distributera s kojima ima ugovoreni poslovni odnos. Predmet izvoza su proizvodi, koji su rezultat vlastitog dizajna, i koji kvalitetom konkuriraju na svjetskim tr\u017ei\u0161tima. Ciljane grupe u provedbi projekta su uprava tvrtke, zaposlenici tvrtke na poslovima marketinga i organizacije proizvodnje te poslovni partneri koji poti\u010du prodaju.  <\/em><\/p>\n<p><em>Naziv projekta: <strong>Unapre\u0111enje prodaje na stranim tr\u017ei\u0161tima<br \/>\n<\/strong><\/em><em>Ukupni iznos projekta: <strong>101.758,05 \u20ac<br \/>\n<\/strong><\/em><em>Ukupni prihvatljivi tro\u0161kov<strong>i: 83.176,85 \u20ac<br \/>\n<\/strong><\/em><em>Ukupni iznos odobrene potpore: <strong>70.700,32 \u20ac<br \/>\n<\/strong><\/em><em>Trajanje projekta:<span> <\/span><strong>01.09.2021. \u2013 25.11.2023.<br \/>\n<\/strong><\/em><em>Kontakt osoba : Ivan \u0160uni\u0107, <a href=\"mailto:info@mar-mar.hr\">info@mar-mar.hr<\/a> , +385 (1) 6608152<br \/>\n<\/em><em>Pogledati vi\u0161e na <a href=\"http:\/\/www.strukturnifondovi.hr\/\" data-saferedirecturl=\"https:\/\/www.google.com\/url?q=http:\/\/www.strukturnifondovi.hr&amp;source=gmail&amp;ust=1702109337753000&amp;usg=AOvVaw0hwGnE8Dwp8XztkPrbkGcU\">www.strukturnifondovi.hr<\/a><\/em><\/div>\n<\/div>\n<div class=\"vc_separator wpb_content_element vc_separator_align_center vc_sep_width_100 vc_sep_pos_align_center vc_separator_no_text vc_sep_color_black\"><\/div>\n<div class=\"wpb_text_column wpb_content_element \">\n<div class=\"wpb_wrapper\">\n<p><strong>UNAPRE\u0110ENJE TEHNOLOGIJE I IKT-INFRASTRUKTURE<\/strong><\/p>\n<p><img loading=\"lazy\" decoding=\"async\" class=\"alignnone size-full wp-image-663\" src=\"https:\/\/mar-mar.hr\/wp-content\/uploads\/2025\/11\/Zastave-i-EU-fondovi.png\" alt=\"\" width=\"2560\" height=\"400\" srcset=\"https:\/\/mar-mar.hr\/wp-content\/uploads\/2025\/11\/Zastave-i-EU-fondovi.png 2560w, https:\/\/mar-mar.hr\/wp-content\/uploads\/2025\/11\/Zastave-i-EU-fondovi-300x47.png 300w, https:\/\/mar-mar.hr\/wp-content\/uploads\/2025\/11\/Zastave-i-EU-fondovi-1024x160.png 1024w\" sizes=\"auto, (max-width: 2560px) 100vw, 2560px\" \/><\/p>\n<p>U sklopu poziva na dostavu projektnih prijedloga \u201eJa\u010danje konkurentnosti poduze\u0107a ulaganjima u digitalnu i zelenu tranziciju\u201c MAR-MAR d.o.o. provodi projekt \u201d Unapre\u0111enje tehnologije i IKT-infrastrukture \u201e za koji su odobrena bespovratna sredstava za projekte koji se financiraju iz Europskih strukturnih i investicijskih fondova u financijskom razdoblju od 2014-2020, oznake KK.11.1.1.01.0749.<\/p>\n<p>Projekt \u0107e omogu\u0107iti tvrtki Mar-Mar da nabavom moderne, energetski u\u010dinkovitije opreme i programske podr\u0161ke uvede novu tehnologiju u proizvodnji te na taj na\u010din pro\u0161iri proizvodni asortiman, rije\u0161i problem pra\u0107enja proizvodnje i zaliha te ostvari konkurentsku prednost kojom \u0107e iza\u0107i na nova izvozna tr\u017ei\u0161ta. Provedba projekta rezultirat \u0107e u\u010dinkovitijom proizvodnjom te pra\u0107enjem i planiranjem resursa u poslovanju poduze\u0107a. Uspje\u0161na provedba projekta doprinijet \u0107e otvaranju novih radnih mjesta, boljim uvjetima za rad, pove\u0107anju prodaje proizvoda te ja\u010danju konkurentnosti i u\u010dinkovitosti poduze\u0107a. Ciljane skupine na koje \u0107e projekt imati utjecaj su uprava, zaposlenici, kooperanti, partneri i kupci.   <\/p>\n<p><em><strong>Naziv projekta:<\/strong> <strong>Unapre\u0111enje tehnologije i IKT-infrastrukture<br \/>\n<\/strong><\/em><em>Ukupni iznos projekta: <strong>1.512.481,23 \u20ac<br \/>\n<\/strong><\/em><em>Ukupni iznos odobrene potpore: <strong>539.553,04 \u20ac<br \/>\n<\/strong><\/em><em>Trajanje projekta:<span> <\/span><strong>01.09.2021. \u2013 01.09.2023.<br \/>\n<\/strong><\/em><em>Kontakt osoba : Ivan \u0160uni\u0107, <a href=\"mailto:info@mar-mar.hr\">info@mar-mar.hr<\/a> , +385 (1) 6608152<br \/>\n<\/em><em>Pogledati vi\u0161e na <a href=\"http:\/\/www.strukturnifondovi.hr\/\" data-saferedirecturl=\"https:\/\/www.google.com\/url?q=http:\/\/www.strukturnifondovi.hr&amp;source=gmail&amp;ust=1702109337753000&amp;usg=AOvVaw0hwGnE8Dwp8XztkPrbkGcU\">www.strukturnifondovi.hr<\/a><\/em><\/div>\n<\/div>\n<div class=\"vc_separator wpb_content_element vc_separator_align_center vc_sep_width_100 vc_sep_pos_align_center vc_separator_no_text vc_sep_color_black\"><\/div>\n<div class=\"wpb_text_column wpb_content_element \">\n<div class=\"wpb_wrapper\">\n<p><strong>ENERGIESANIERUNG VON INDUSTRIEGEB\u00c4UDEN DER FIRMA MAR-MAR d.o.o.<\/strong><\/p>\n<p><img loading=\"lazy\" decoding=\"async\" class=\"alignnone size-full wp-image-664\" src=\"https:\/\/mar-mar.hr\/wp-content\/uploads\/2025\/11\/Asset-1@2x-scaled.png\" alt=\"\" width=\"2560\" height=\"295\" srcset=\"https:\/\/mar-mar.hr\/wp-content\/uploads\/2025\/11\/Asset-1@2x-scaled.png 2560w, https:\/\/mar-mar.hr\/wp-content\/uploads\/2025\/11\/Asset-1@2x-300x35.png 300w, https:\/\/mar-mar.hr\/wp-content\/uploads\/2025\/11\/Asset-1@2x-1024x118.png 1024w\" sizes=\"auto, (max-width: 2560px) 100vw, 2560px\" \/><\/p>\n<p><strong>PROJEKT\u00dcBERSICHT:<\/strong><\/p>\n<p>Das Unternehmen Mar Mar d.o.o. agiert als eine Einheit f\u00fcr Energiekosten, um die Energieeffizienz zu verbessern und den Anteil erneuerbarer Energiequellen in der Produktion zu erh\u00f6hen. Im Rahmen des Projekts werden 7 Ma\u00dfnahmen zur Energiesanierung umgesetzt, darunter die Umgestaltung der Heizungs- und K\u00fchlungssysteme sowie die Bereitstellung von Warmwasser, der Bau einer Solaranlage zur Eigenversorgung auf dem Dach des bestehenden Geb\u00e4udes, der Austausch der vorhandenen, energieeffizienteren Leuchten und der Austausch der bestehenden Maschinen durch energieeffizientere Modelle.<\/p>\n<p><strong>ZIELE UND ERWARTETE ERGEBNISSE DES PROJEKTS:<\/strong><\/p>\n<p>Nach Abschluss des Projekts und der Inbetriebnahme der neuen Anlagen und Ausr\u00fcstungen wird der Energieverbrauch, insbesondere der Stromverbrauch, reduziert. Diese Reduzierung ist auf die Umsetzung von Energieeffizienzma\u00dfnahmen zur\u00fcckzuf\u00fchren. Dar\u00fcber hinaus wird die Energieproduktion aus erneuerbaren Energiequellen erh\u00f6ht, was zu Einsparungen im Produktionsbetrieb und im Geb\u00e4ude f\u00fchrt. <\/p>\n<p>Die Umsetzung der 7 Ma\u00dfnahmen wird dazu f\u00fchren, dass das Ziel des Projekts erreicht wird, n\u00e4mlich eine Gesamtenergiereduzierung in der energetischen Kostenkategorie um 509.720,51 kWh\/Jahr oder 67,13%. Es wird auch eine Steigerung der Energiemenge aus erneuerbaren Energiequellen um 411.584,46 kWh\/Jahr geben. Die Gesamtemissionsreduzierung von CO2 nach Umsetzung aller Ma\u00dfnahmen zur Energiesanierung des Projektbereichs betr\u00e4gt 162,2433 tCO2\/Jahr. <\/p>\n<p><strong>GESAMTWERT UND BETRAG, DER VON DER EU KOFINANZIERT WIRD:<\/strong><\/p>\n<p><strong>Gesamtwert des Projekts: 9.486.853,00 HRK<\/strong><br \/>\n<strong>Gesamtberechtigte Kosten: 9.394.553,00 HRK<\/strong><br \/>\n<strong>Betrag, der von der EU kofinanziert wird: 7.092.114,90 HRK<\/strong><\/p>\n<p><strong>PROJEKTUMSETZUNGSZEITRAUM:<\/strong><\/p>\n<p>27.10.2020. \u2013 27.02.2023.<\/p>\n<p><strong>KONTAKTPERSON F\u00dcR WEITERE INFORMATIONEN:<\/strong><\/p>\n<p>Zvonko Fi\u0161er<\/p>\n<p><a href=\"mailto:zvonko.fiser@mar-mar.hr\">zvonko.fiser@mar-mar.hr<\/a><\/p>\n<p><strong>Gef\u00f6rdert von der Europ\u00e4ischen Union \u2013 NextGenerationEU<\/strong><\/div>\n<\/div>\n<\/div><\/div><\/div><\/div><\/div><\/div><\/section>\n","protected":false},"excerpt":{"rendered":"","protected":false},"author":1,"featured_media":0,"parent":0,"menu_order":0,"comment_status":"closed","ping_status":"closed","template":"","meta":{"footnotes":""},"class_list":["post-452","page","type-page","status-publish","hentry"],"yoast_head":"<!-- This site is optimized with the Yoast SEO plugin v26.4 - https:\/\/yoast.com\/wordpress\/plugins\/seo\/ -->\n<title>Projekte - MAR-MAR d.o.o.<\/title>\n<meta name=\"robots\" content=\"index, follow, max-snippet:-1, max-image-preview:large, max-video-preview:-1\" \/>\n<link rel=\"canonical\" href=\"https:\/\/mar-mar.hr\/de\/projekte\/\" \/>\n<meta property=\"og:locale\" content=\"de_DE\" \/>\n<meta property=\"og:type\" content=\"article\" \/>\n<meta property=\"og:title\" content=\"Projekte - MAR-MAR d.o.o.\" \/>\n<meta property=\"og:url\" content=\"https:\/\/mar-mar.hr\/de\/projekte\/\" \/>\n<meta property=\"og:site_name\" content=\"MAR-MAR d.o.o.\" \/>\n<meta property=\"article:publisher\" content=\"https:\/\/www.facebook.com\/LipaMillZagreb\" \/>\n<meta property=\"article:modified_time\" content=\"2025-11-04T10:30:15+00:00\" \/>\n<meta property=\"og:image\" content=\"https:\/\/mar-mar.hr\/wp-content\/uploads\/2025\/11\/feu-300x84-2.png\" \/>\n<meta name=\"twitter:card\" content=\"summary_large_image\" \/>\n<meta name=\"twitter:label1\" content=\"Gesch\u00e4tzte Lesezeit\" \/>\n\t<meta name=\"twitter:data1\" content=\"5\u00a0Minuten\" \/>\n<script type=\"application\/ld+json\" class=\"yoast-schema-graph\">{\"@context\":\"https:\/\/schema.org\",\"@graph\":[{\"@type\":\"WebPage\",\"@id\":\"https:\/\/mar-mar.hr\/de\/projekte\/\",\"url\":\"https:\/\/mar-mar.hr\/de\/projekte\/\",\"name\":\"Projekte - MAR-MAR d.o.o.\",\"isPartOf\":{\"@id\":\"https:\/\/mar-mar.hr\/de\/#website\"},\"primaryImageOfPage\":{\"@id\":\"https:\/\/mar-mar.hr\/de\/projekte\/#primaryimage\"},\"image\":{\"@id\":\"https:\/\/mar-mar.hr\/de\/projekte\/#primaryimage\"},\"thumbnailUrl\":\"https:\/\/mar-mar.hr\/wp-content\/uploads\/2025\/11\/feu-300x84-2.png\",\"datePublished\":\"2025-10-30T14:07:39+00:00\",\"dateModified\":\"2025-11-04T10:30:15+00:00\",\"breadcrumb\":{\"@id\":\"https:\/\/mar-mar.hr\/de\/projekte\/#breadcrumb\"},\"inLanguage\":\"de\",\"potentialAction\":[{\"@type\":\"ReadAction\",\"target\":[\"https:\/\/mar-mar.hr\/de\/projekte\/\"]}]},{\"@type\":\"ImageObject\",\"inLanguage\":\"de\",\"@id\":\"https:\/\/mar-mar.hr\/de\/projekte\/#primaryimage\",\"url\":\"https:\/\/mar-mar.hr\/wp-content\/uploads\/2025\/11\/feu-300x84-2.png\",\"contentUrl\":\"https:\/\/mar-mar.hr\/wp-content\/uploads\/2025\/11\/feu-300x84-2.png\"},{\"@type\":\"BreadcrumbList\",\"@id\":\"https:\/\/mar-mar.hr\/de\/projekte\/#breadcrumb\",\"itemListElement\":[{\"@type\":\"ListItem\",\"position\":1,\"name\":\"Home\",\"item\":\"https:\/\/mar-mar.hr\/de\/home\/\"},{\"@type\":\"ListItem\",\"position\":2,\"name\":\"Projekte\"}]},{\"@type\":\"WebSite\",\"@id\":\"https:\/\/mar-mar.hr\/de\/#website\",\"url\":\"https:\/\/mar-mar.hr\/de\/\",\"name\":\"MAR-MAR d.o.o.\",\"description\":\"Proizvodnja bilje\u017enica\",\"publisher\":{\"@id\":\"https:\/\/mar-mar.hr\/de\/#organization\"},\"potentialAction\":[{\"@type\":\"SearchAction\",\"target\":{\"@type\":\"EntryPoint\",\"urlTemplate\":\"https:\/\/mar-mar.hr\/de\/?s={search_term_string}\"},\"query-input\":{\"@type\":\"PropertyValueSpecification\",\"valueRequired\":true,\"valueName\":\"search_term_string\"}}],\"inLanguage\":\"de\"},{\"@type\":\"Organization\",\"@id\":\"https:\/\/mar-mar.hr\/de\/#organization\",\"name\":\"MAR-MAR d.o.o.\",\"url\":\"https:\/\/mar-mar.hr\/de\/\",\"logo\":{\"@type\":\"ImageObject\",\"inLanguage\":\"de\",\"@id\":\"https:\/\/mar-mar.hr\/de\/#\/schema\/logo\/image\/\",\"url\":\"https:\/\/mar-mar.hr\/wp-content\/uploads\/2025\/10\/mar-mar_logo.png\",\"contentUrl\":\"https:\/\/mar-mar.hr\/wp-content\/uploads\/2025\/10\/mar-mar_logo.png\",\"width\":232,\"height\":130,\"caption\":\"MAR-MAR d.o.o.\"},\"image\":{\"@id\":\"https:\/\/mar-mar.hr\/de\/#\/schema\/logo\/image\/\"},\"sameAs\":[\"https:\/\/www.facebook.com\/LipaMillZagreb\",\"https:\/\/www.youtube.com\/channel\/UCIc4SEGAQ8H4pEAuG04nTRg\",\"https:\/\/www.instagram.com\/lipa_mill\/\",\"https:\/\/www.linkedin.com\/company\/mar-mar-d.o.o.\",\"https:\/\/www.tiktok.com\/@lipa.mill?lang=en\",\"https:\/\/www.pinterest.com\/lipa_mill\/_created\/\"]}]}<\/script>\n<!-- \/ Yoast SEO plugin. -->","yoast_head_json":{"title":"Projekte - MAR-MAR d.o.o.","robots":{"index":"index","follow":"follow","max-snippet":"max-snippet:-1","max-image-preview":"max-image-preview:large","max-video-preview":"max-video-preview:-1"},"canonical":"https:\/\/mar-mar.hr\/de\/projekte\/","og_locale":"de_DE","og_type":"article","og_title":"Projekte - MAR-MAR d.o.o.","og_url":"https:\/\/mar-mar.hr\/de\/projekte\/","og_site_name":"MAR-MAR d.o.o.","article_publisher":"https:\/\/www.facebook.com\/LipaMillZagreb","article_modified_time":"2025-11-04T10:30:15+00:00","og_image":[{"url":"https:\/\/mar-mar.hr\/wp-content\/uploads\/2025\/11\/feu-300x84-2.png","type":"","width":"","height":""}],"twitter_card":"summary_large_image","twitter_misc":{"Gesch\u00e4tzte Lesezeit":"5\u00a0Minuten"},"schema":{"@context":"https:\/\/schema.org","@graph":[{"@type":"WebPage","@id":"https:\/\/mar-mar.hr\/de\/projekte\/","url":"https:\/\/mar-mar.hr\/de\/projekte\/","name":"Projekte - MAR-MAR d.o.o.","isPartOf":{"@id":"https:\/\/mar-mar.hr\/de\/#website"},"primaryImageOfPage":{"@id":"https:\/\/mar-mar.hr\/de\/projekte\/#primaryimage"},"image":{"@id":"https:\/\/mar-mar.hr\/de\/projekte\/#primaryimage"},"thumbnailUrl":"https:\/\/mar-mar.hr\/wp-content\/uploads\/2025\/11\/feu-300x84-2.png","datePublished":"2025-10-30T14:07:39+00:00","dateModified":"2025-11-04T10:30:15+00:00","breadcrumb":{"@id":"https:\/\/mar-mar.hr\/de\/projekte\/#breadcrumb"},"inLanguage":"de","potentialAction":[{"@type":"ReadAction","target":["https:\/\/mar-mar.hr\/de\/projekte\/"]}]},{"@type":"ImageObject","inLanguage":"de","@id":"https:\/\/mar-mar.hr\/de\/projekte\/#primaryimage","url":"https:\/\/mar-mar.hr\/wp-content\/uploads\/2025\/11\/feu-300x84-2.png","contentUrl":"https:\/\/mar-mar.hr\/wp-content\/uploads\/2025\/11\/feu-300x84-2.png"},{"@type":"BreadcrumbList","@id":"https:\/\/mar-mar.hr\/de\/projekte\/#breadcrumb","itemListElement":[{"@type":"ListItem","position":1,"name":"Home","item":"https:\/\/mar-mar.hr\/de\/home\/"},{"@type":"ListItem","position":2,"name":"Projekte"}]},{"@type":"WebSite","@id":"https:\/\/mar-mar.hr\/de\/#website","url":"https:\/\/mar-mar.hr\/de\/","name":"MAR-MAR d.o.o.","description":"Proizvodnja bilje\u017enica","publisher":{"@id":"https:\/\/mar-mar.hr\/de\/#organization"},"potentialAction":[{"@type":"SearchAction","target":{"@type":"EntryPoint","urlTemplate":"https:\/\/mar-mar.hr\/de\/?s={search_term_string}"},"query-input":{"@type":"PropertyValueSpecification","valueRequired":true,"valueName":"search_term_string"}}],"inLanguage":"de"},{"@type":"Organization","@id":"https:\/\/mar-mar.hr\/de\/#organization","name":"MAR-MAR d.o.o.","url":"https:\/\/mar-mar.hr\/de\/","logo":{"@type":"ImageObject","inLanguage":"de","@id":"https:\/\/mar-mar.hr\/de\/#\/schema\/logo\/image\/","url":"https:\/\/mar-mar.hr\/wp-content\/uploads\/2025\/10\/mar-mar_logo.png","contentUrl":"https:\/\/mar-mar.hr\/wp-content\/uploads\/2025\/10\/mar-mar_logo.png","width":232,"height":130,"caption":"MAR-MAR d.o.o."},"image":{"@id":"https:\/\/mar-mar.hr\/de\/#\/schema\/logo\/image\/"},"sameAs":["https:\/\/www.facebook.com\/LipaMillZagreb","https:\/\/www.youtube.com\/channel\/UCIc4SEGAQ8H4pEAuG04nTRg","https:\/\/www.instagram.com\/lipa_mill\/","https:\/\/www.linkedin.com\/company\/mar-mar-d.o.o.","https:\/\/www.tiktok.com\/@lipa.mill?lang=en","https:\/\/www.pinterest.com\/lipa_mill\/_created\/"]}]}},"_links":{"self":[{"href":"https:\/\/mar-mar.hr\/de\/wp-json\/wp\/v2\/pages\/452","targetHints":{"allow":["GET"]}}],"collection":[{"href":"https:\/\/mar-mar.hr\/de\/wp-json\/wp\/v2\/pages"}],"about":[{"href":"https:\/\/mar-mar.hr\/de\/wp-json\/wp\/v2\/types\/page"}],"author":[{"embeddable":true,"href":"https:\/\/mar-mar.hr\/de\/wp-json\/wp\/v2\/users\/1"}],"replies":[{"embeddable":true,"href":"https:\/\/mar-mar.hr\/de\/wp-json\/wp\/v2\/comments?post=452"}],"version-history":[{"count":4,"href":"https:\/\/mar-mar.hr\/de\/wp-json\/wp\/v2\/pages\/452\/revisions"}],"predecessor-version":[{"id":694,"href":"https:\/\/mar-mar.hr\/de\/wp-json\/wp\/v2\/pages\/452\/revisions\/694"}],"wp:attachment":[{"href":"https:\/\/mar-mar.hr\/de\/wp-json\/wp\/v2\/media?parent=452"}],"curies":[{"name":"wp","href":"https:\/\/api.w.org\/{rel}","templated":true}]}}