{"id":479,"date":"2025-10-30T15:03:02","date_gmt":"2025-10-30T15:03:02","guid":{"rendered":"https:\/\/mar-mar.hr\/memoar\/"},"modified":"2025-10-31T12:56:05","modified_gmt":"2025-10-31T12:56:05","slug":"memoar","status":"publish","type":"page","link":"https:\/\/mar-mar.hr\/de\/memoar\/","title":{"rendered":"Memoar"},"content":{"rendered":"<section class=\"l-section wpb_row us_custom_17293224 height_medium\"><div class=\"l-section-h i-cf\"><div class=\"g-cols vc_row via_grid cols_2-1 laptops-cols_inherit tablets-cols_inherit mobiles-cols_1 valign_top type_default stacking_default\"><div class=\"wpb_column vc_column_container\"><div class=\"vc_column-inner\"><div class=\"w-image align_none\"><div class=\"w-image-h\"><img decoding=\"async\" width=\"300\" height=\"300\" src=\"https:\/\/mar-mar.hr\/wp-content\/uploads\/2025\/10\/Asset-2-1.svg\" class=\"attachment-medium size-medium\" alt=\"\" loading=\"lazy\" \/><\/div><\/div><div class=\"wpb_text_column us_custom_0f8f44b7\"><div class=\"wpb_wrapper\"><p>MEMO&#8217;AR steht f\u00fcr Memoiren (aus dem franz\u00f6s.: Erinnerung; Andenken; Werk, in dem der Schriftsteller seine Erinnerungen auf Ereignisse, die er selbst erlebt hat oder in denen er teilgenommen hat, schildert)<\/p>\n<p>Entdecken Sie MEMO&#8217;AR JOURNALS UND TAGEB\u00dcCHER \u2013 Ihre pers\u00f6nliche Ecke zum Notieren von Momenten, die Sie inspirieren.<\/p>\n<p>Jeder Tag bringt neue Momente mit sich, die Sie inspirieren, Erlebnisse, an die Sie sich f\u00fcr immer erinnern m\u00f6chten, und Gesch\u00e4ftserfolge, die Sie nicht verpassen wollen. MEMOAR hilft Ihnen, eine pers\u00f6nliche Sammlung von Erinnerungen und Erfahrungen zu erstellen. Am Ende des Jahres werden ihre Memoiren voller Erinnerungen aus dem ganzen Jahr sein. Mit unseren Planern und Organizern wird das Dokumentieren ihrer Memoiren einfach und praktisch.<\/p>\n<\/div><\/div><div class=\"w-image us_custom_3d5e89b4 align_none\"><div class=\"w-image-h\"><img decoding=\"async\" width=\"1024\" height=\"1024\" src=\"https:\/\/mar-mar.hr\/wp-content\/uploads\/2025\/10\/Asset-2-2.svg\" class=\"attachment-large size-large\" alt=\"\" loading=\"lazy\" \/><\/div><\/div><\/div><\/div><div class=\"wpb_column vc_column_container\"><div class=\"vc_column-inner\"><div class=\"w-image align_none\"><div class=\"w-image-h\"><img decoding=\"async\" width=\"724\" height=\"1024\" src=\"https:\/\/mar-mar.hr\/wp-content\/uploads\/2025\/10\/Asset-1@2x-1-724x1024.png\" class=\"attachment-large size-large\" alt=\"\" loading=\"lazy\" srcset=\"https:\/\/mar-mar.hr\/wp-content\/uploads\/2025\/10\/Asset-1@2x-1-724x1024.png 724w, https:\/\/mar-mar.hr\/wp-content\/uploads\/2025\/10\/Asset-1@2x-1-212x300.png 212w, https:\/\/mar-mar.hr\/wp-content\/uploads\/2025\/10\/Asset-1@2x-1.png 800w\" sizes=\"auto, (max-width: 724px) 100vw, 724px\" \/><\/div><\/div><\/div><\/div><\/div><\/div><\/section><section class=\"l-section wpb_row us_custom_819010cf height_medium\"><div class=\"l-section-h i-cf\"><div class=\"g-cols vc_row via_grid cols_1 laptops-cols_inherit tablets-cols_inherit mobiles-cols_1 valign_top type_default stacking_default\"><div class=\"wpb_column vc_column_container\"><div class=\"vc_column-inner\"><\/div><\/div><\/div><\/div><\/section>\n","protected":false},"excerpt":{"rendered":"","protected":false},"author":1,"featured_media":0,"parent":0,"menu_order":0,"comment_status":"closed","ping_status":"closed","template":"","meta":{"footnotes":""},"class_list":["post-479","page","type-page","status-publish","hentry"],"yoast_head":"<!-- This site is optimized with the Yoast SEO plugin v26.4 - https:\/\/yoast.com\/wordpress\/plugins\/seo\/ -->\n<title>Memoar - MAR-MAR d.o.o.<\/title>\n<meta name=\"robots\" content=\"index, follow, max-snippet:-1, max-image-preview:large, max-video-preview:-1\" \/>\n<link rel=\"canonical\" href=\"https:\/\/mar-mar.hr\/de\/memoar\/\" \/>\n<meta property=\"og:locale\" content=\"de_DE\" \/>\n<meta property=\"og:type\" content=\"article\" \/>\n<meta property=\"og:title\" content=\"Memoar - MAR-MAR d.o.o.\" \/>\n<meta property=\"og:url\" content=\"https:\/\/mar-mar.hr\/de\/memoar\/\" \/>\n<meta property=\"og:site_name\" content=\"MAR-MAR d.o.o.\" \/>\n<meta property=\"article:publisher\" content=\"https:\/\/www.facebook.com\/LipaMillZagreb\" \/>\n<meta property=\"article:modified_time\" content=\"2025-10-31T12:56:05+00:00\" \/>\n<meta name=\"twitter:card\" content=\"summary_large_image\" \/>\n<meta name=\"twitter:label1\" content=\"Gesch\u00e4tzte Lesezeit\" \/>\n\t<meta name=\"twitter:data1\" content=\"1\u00a0Minute\" \/>\n<script type=\"application\/ld+json\" class=\"yoast-schema-graph\">{\"@context\":\"https:\/\/schema.org\",\"@graph\":[{\"@type\":\"WebPage\",\"@id\":\"https:\/\/mar-mar.hr\/de\/memoar\/\",\"url\":\"https:\/\/mar-mar.hr\/de\/memoar\/\",\"name\":\"Memoar - MAR-MAR d.o.o.\",\"isPartOf\":{\"@id\":\"https:\/\/mar-mar.hr\/de\/#website\"},\"datePublished\":\"2025-10-30T15:03:02+00:00\",\"dateModified\":\"2025-10-31T12:56:05+00:00\",\"breadcrumb\":{\"@id\":\"https:\/\/mar-mar.hr\/de\/memoar\/#breadcrumb\"},\"inLanguage\":\"de\",\"potentialAction\":[{\"@type\":\"ReadAction\",\"target\":[\"https:\/\/mar-mar.hr\/de\/memoar\/\"]}]},{\"@type\":\"BreadcrumbList\",\"@id\":\"https:\/\/mar-mar.hr\/de\/memoar\/#breadcrumb\",\"itemListElement\":[{\"@type\":\"ListItem\",\"position\":1,\"name\":\"Home\",\"item\":\"https:\/\/mar-mar.hr\/de\/home\/\"},{\"@type\":\"ListItem\",\"position\":2,\"name\":\"Memoar\"}]},{\"@type\":\"WebSite\",\"@id\":\"https:\/\/mar-mar.hr\/de\/#website\",\"url\":\"https:\/\/mar-mar.hr\/de\/\",\"name\":\"MAR-MAR d.o.o.\",\"description\":\"Proizvodnja bilje\u017enica\",\"publisher\":{\"@id\":\"https:\/\/mar-mar.hr\/de\/#organization\"},\"potentialAction\":[{\"@type\":\"SearchAction\",\"target\":{\"@type\":\"EntryPoint\",\"urlTemplate\":\"https:\/\/mar-mar.hr\/de\/?s={search_term_string}\"},\"query-input\":{\"@type\":\"PropertyValueSpecification\",\"valueRequired\":true,\"valueName\":\"search_term_string\"}}],\"inLanguage\":\"de\"},{\"@type\":\"Organization\",\"@id\":\"https:\/\/mar-mar.hr\/de\/#organization\",\"name\":\"MAR-MAR d.o.o.\",\"url\":\"https:\/\/mar-mar.hr\/de\/\",\"logo\":{\"@type\":\"ImageObject\",\"inLanguage\":\"de\",\"@id\":\"https:\/\/mar-mar.hr\/de\/#\/schema\/logo\/image\/\",\"url\":\"https:\/\/mar-mar.hr\/wp-content\/uploads\/2025\/10\/mar-mar_logo.png\",\"contentUrl\":\"https:\/\/mar-mar.hr\/wp-content\/uploads\/2025\/10\/mar-mar_logo.png\",\"width\":232,\"height\":130,\"caption\":\"MAR-MAR d.o.o.\"},\"image\":{\"@id\":\"https:\/\/mar-mar.hr\/de\/#\/schema\/logo\/image\/\"},\"sameAs\":[\"https:\/\/www.facebook.com\/LipaMillZagreb\",\"https:\/\/www.youtube.com\/channel\/UCIc4SEGAQ8H4pEAuG04nTRg\",\"https:\/\/www.instagram.com\/lipa_mill\/\",\"https:\/\/www.linkedin.com\/company\/mar-mar-d.o.o.\",\"https:\/\/www.tiktok.com\/@lipa.mill?lang=en\",\"https:\/\/www.pinterest.com\/lipa_mill\/_created\/\"]}]}<\/script>\n<!-- \/ Yoast SEO plugin. -->","yoast_head_json":{"title":"Memoar - MAR-MAR d.o.o.","robots":{"index":"index","follow":"follow","max-snippet":"max-snippet:-1","max-image-preview":"max-image-preview:large","max-video-preview":"max-video-preview:-1"},"canonical":"https:\/\/mar-mar.hr\/de\/memoar\/","og_locale":"de_DE","og_type":"article","og_title":"Memoar - MAR-MAR d.o.o.","og_url":"https:\/\/mar-mar.hr\/de\/memoar\/","og_site_name":"MAR-MAR d.o.o.","article_publisher":"https:\/\/www.facebook.com\/LipaMillZagreb","article_modified_time":"2025-10-31T12:56:05+00:00","twitter_card":"summary_large_image","twitter_misc":{"Gesch\u00e4tzte Lesezeit":"1\u00a0Minute"},"schema":{"@context":"https:\/\/schema.org","@graph":[{"@type":"WebPage","@id":"https:\/\/mar-mar.hr\/de\/memoar\/","url":"https:\/\/mar-mar.hr\/de\/memoar\/","name":"Memoar - MAR-MAR d.o.o.","isPartOf":{"@id":"https:\/\/mar-mar.hr\/de\/#website"},"datePublished":"2025-10-30T15:03:02+00:00","dateModified":"2025-10-31T12:56:05+00:00","breadcrumb":{"@id":"https:\/\/mar-mar.hr\/de\/memoar\/#breadcrumb"},"inLanguage":"de","potentialAction":[{"@type":"ReadAction","target":["https:\/\/mar-mar.hr\/de\/memoar\/"]}]},{"@type":"BreadcrumbList","@id":"https:\/\/mar-mar.hr\/de\/memoar\/#breadcrumb","itemListElement":[{"@type":"ListItem","position":1,"name":"Home","item":"https:\/\/mar-mar.hr\/de\/home\/"},{"@type":"ListItem","position":2,"name":"Memoar"}]},{"@type":"WebSite","@id":"https:\/\/mar-mar.hr\/de\/#website","url":"https:\/\/mar-mar.hr\/de\/","name":"MAR-MAR d.o.o.","description":"Proizvodnja bilje\u017enica","publisher":{"@id":"https:\/\/mar-mar.hr\/de\/#organization"},"potentialAction":[{"@type":"SearchAction","target":{"@type":"EntryPoint","urlTemplate":"https:\/\/mar-mar.hr\/de\/?s={search_term_string}"},"query-input":{"@type":"PropertyValueSpecification","valueRequired":true,"valueName":"search_term_string"}}],"inLanguage":"de"},{"@type":"Organization","@id":"https:\/\/mar-mar.hr\/de\/#organization","name":"MAR-MAR d.o.o.","url":"https:\/\/mar-mar.hr\/de\/","logo":{"@type":"ImageObject","inLanguage":"de","@id":"https:\/\/mar-mar.hr\/de\/#\/schema\/logo\/image\/","url":"https:\/\/mar-mar.hr\/wp-content\/uploads\/2025\/10\/mar-mar_logo.png","contentUrl":"https:\/\/mar-mar.hr\/wp-content\/uploads\/2025\/10\/mar-mar_logo.png","width":232,"height":130,"caption":"MAR-MAR d.o.o."},"image":{"@id":"https:\/\/mar-mar.hr\/de\/#\/schema\/logo\/image\/"},"sameAs":["https:\/\/www.facebook.com\/LipaMillZagreb","https:\/\/www.youtube.com\/channel\/UCIc4SEGAQ8H4pEAuG04nTRg","https:\/\/www.instagram.com\/lipa_mill\/","https:\/\/www.linkedin.com\/company\/mar-mar-d.o.o.","https:\/\/www.tiktok.com\/@lipa.mill?lang=en","https:\/\/www.pinterest.com\/lipa_mill\/_created\/"]}]}},"_links":{"self":[{"href":"https:\/\/mar-mar.hr\/de\/wp-json\/wp\/v2\/pages\/479","targetHints":{"allow":["GET"]}}],"collection":[{"href":"https:\/\/mar-mar.hr\/de\/wp-json\/wp\/v2\/pages"}],"about":[{"href":"https:\/\/mar-mar.hr\/de\/wp-json\/wp\/v2\/types\/page"}],"author":[{"embeddable":true,"href":"https:\/\/mar-mar.hr\/de\/wp-json\/wp\/v2\/users\/1"}],"replies":[{"embeddable":true,"href":"https:\/\/mar-mar.hr\/de\/wp-json\/wp\/v2\/comments?post=479"}],"version-history":[{"count":2,"href":"https:\/\/mar-mar.hr\/de\/wp-json\/wp\/v2\/pages\/479\/revisions"}],"predecessor-version":[{"id":485,"href":"https:\/\/mar-mar.hr\/de\/wp-json\/wp\/v2\/pages\/479\/revisions\/485"}],"wp:attachment":[{"href":"https:\/\/mar-mar.hr\/de\/wp-json\/wp\/v2\/media?parent=479"}],"curies":[{"name":"wp","href":"https:\/\/api.w.org\/{rel}","templated":true}]}}